{"id":3,"date":"2023-03-01T16:17:04","date_gmt":"2023-03-01T15:17:04","guid":{"rendered":"https:\/\/abiogen.tesecom.net\/?page_id=3"},"modified":"2025-09-25T11:03:38","modified_gmt":"2025-09-25T09:03:38","slug":"privacy-policy","status":"publish","type":"page","link":"https:\/\/www.abiogen.it\/it\/privacy-policy\/","title":{"rendered":"Privacy Policy"},"content":{"rendered":"<section data-bb-version=\"4.5.6\" id=\"bt_bb_section69da0f15be05c\" class=\"bt_bb_section bt_bb_layout_boxed_1200\"  data-bt-override-class=\"null\"><div class=\"bt_bb_port\"><div class=\"bt_bb_cell\"><div class=\"bt_bb_cell_inner\"><div class=\"bt_bb_row \"  data-bt-override-class=\"{}\"><div class=\"bt_bb_row_holder\" ><div data-bb-version=\"4.5.6\"  class=\"bt_bb_column col-xxl-12 col-xl-12 col-xs-12 col-sm-12 col-md-12 col-lg-12 bt_bb_vertical_align_top bt_bb_align_left bt_bb_padding_normal\" style=\"; --column-width:12;\" data-width=\"12\" data-bt-override-class=\"{}\"><div class=\"bt_bb_column_content\"><div class=\"bt_bb_column_content_inner\"><div data-bb-version=\"4.5.6\"  class=\"bt_bb_text\" ><\/p>\n<p>In ottemperanza a quanto previsto dal Regolamento U.E. 2016\/679, Abiogen Pharma S.p.A., La informa che i Suoi dati personali saranno trattati in maniera lecita, corretta e trasparente. Per tale motivo, Abiogen Pharma S.p.A. desidera sottoporre alla Sua cortese attenzione l\u2019<strong>INFORMATIVA <\/strong>in merito al trattamento dei dati personali raccolti dalla Societ\u00e0 attraverso questo sito web.<\/p>\n<p><strong>Informativa ai sensi dell\u2019art.13 Reg. U.E. 2016\/679<\/strong><\/p>\n<p><strong>Titolare del Trattamento <\/strong><\/p>\n<p>Il Titolare del trattamento \u00e8 <strong>Abiogen Pharma S.p.A., <\/strong>con sede in Ospedaletto (PI), Via Antonio Meucci n. 36, i cui dati di contatto sono: tel.: 050.3154259; e-mail: <a href=\"mailto:segreteria.presidenza@abiogen.it\">segreteria.presidenza@abiogen.it<\/a><\/p>\n<p><strong>Responsabile della Protezione dei Dati (DPO)<\/strong><\/p>\n<p>Il Responsabile della Protezione dei dati (DPO) \u00e8 l\u2019Avv. Valeria Macchia, i cui dati di contatto sono i seguenti PEC e-mail: <a href=\"mailto:dpo@pec.abiogen.it\">dpo@pec.abiogen.it<\/a> ; e-mail: <a href=\"mailto:dpo@abiogen.it\">dpo@abiogen.it<\/a><\/p>\n<p><strong>Tipologia dei dati trattati<\/strong><\/p>\n<p><strong>Dati personali comuni<\/strong><\/p>\n<p>La maggior parte delle pagine e\/o contenuti del sito www.abiogen.it sono accessibili all\u2019interessato senza che sia necessaria la Sua identificazione ai fini della consultazione. Per alcune aree del Sito o per evadere eventuali richieste dell\u2019interessato, potrebbe essere invece necessario eseguire una procedura di registrazione. Tale procedura richiede la compilazione di campi con propri dati personali comuni. Abiogen Pharma S.p.A. potrebbe inoltre venire a conoscenza dei dati personali dell\u2019interessato qualora questi decida di trasmetterli inviando messaggi di posta elettronica.<\/p>\n<p><strong>Dati particolari<\/strong><\/p>\n<p>Inoltre, Abiogen Pharma S.p.A. pu\u00f2 trattare dati particolari, come ad esempio quelli relativi allo stato di salute, (art. 9 del Regolamento U.E. 2016\/679) per adempimenti connessi alle segnalazioni di eventi avversi o per obblighi derivanti da legge e\/o regolamenti o per adempiere ad obblighi contrattuali. In tal caso, tale trattamento viene effettuato solo se \u00e8 stato reso il consenso da parte dell\u2019interessato.<\/p>\n<p>Il fondamento giuridico del trattamento delle categorie particolari di dati \u00e8 l\u2019art. 9.2 lett. a, g ed i del Regolamento U.E. 2016\/679.<br \/>\na<br \/>\n<strong>Dati di navigazione<\/strong><\/p>\n<p>Il trattamento di dati personali degli utenti che visitano solamente il Sito (ossia senza inviare comunicazioni o usare alcuno dei servizi\/funzioni disponibili) si limita ai dati di navigazione, cio\u00e8 quelli per i quali la trasmissione al Sito \u00e8 necessaria per il funzionamento dei sistemi informatici preposti alla gestione del Sito e dei protocolli di comunicazione di Internet. In questa categoria rientrano, ad esempio, gli indirizzi IP o il dominio del computer utilizzato per visitare il Sito e altri parametri relativi al sistema operativo usato dall\u2019utente per connettersi al Sito. La Societ\u00e0 raccoglie questi e altri dati (quali, ad esempio, il numero di visite e il tempo trascorso sul Sito) solo a fini statistici e in forma anonima al fine di controllare il funzionamento del Sito e migliorarne le funzionalit\u00e0. Si tratta di informazioni che non sono raccolte per essere associate ad altre informazioni sugli utenti e identificare questi ultimi; tuttavia tali informazioni per la loro stessa natura possono consentire l\u2019identificazione degli utenti attraverso elaborazioni e associazioni con dati detenuti da terzi. I dati di navigazione sono normalmente cancellati dopo il trattamento in forma anonima ma potranno essere conservati ed utilizzati dalla Societ\u00e0 per accertare e individuare gli autori di eventuali reati informatici commessi ai danni del Sito o tramite il Sito.<\/p>\n<p><strong>Cookies<\/strong><\/p>\n<p>Al seguente <a href=\"https:\/\/www.abiogen.it\/it\/cookie-policy\/\">link<\/a>\u00a0\u00e8 possibile trovare tutte le informazioni sui cookies installati attraverso questo sito, e le indicazioni necessarie su come gestire le proprie preferenze a riguardo.<\/p>\n<p><strong>Finalit\u00e0 e base giuridica del trattamento<\/strong><\/p>\n<p>Abiogen Pharma S.p.A. pu\u00f2 trattare i dati personali comuni, con il consenso dell\u2019interessato, al fine di permettere l\u2019utilizzo dei servizi sul sito e la registrazione ad eventuali aree riservate: la base giuridica per questa finalit\u00e0 \u00e8 l\u2019art. 6.1, lett. a del Regolamento U.E. 2016\/679.<\/p>\n<p>I dati comuni e particolari dell\u2019interessato potranno essere utilizzati per la gestione e per gli adempimenti connessi a segnalazioni di eventi avversi, ai sensi degli artt. 9.2. lett. a, g ed i del Regolamento U.E. 2016\/679.<\/p>\n<p>Inoltre, I dati personali potranno essere trattati, anche senza il consenso dell\u2019interessato, per adempimenti giuridici ai sensi dell\u2019art.6.1, lett. c del Regolamento U.E. 2016\/679 o per accertare, esercitare o difendere un diritto in sede giudiziaria, ai sensi dell\u2019art.9.2, lett. f del Regolamento U.E. 2016\/679 o per effettuare statistiche sull\u2019uso del sito e verificarne la funzionalit\u00e0 ai sensi dell\u2019art.6.1, lett. f del Regolamento U.E. 2016\/679.<\/p>\n<p><strong>Natura obbligatoria o facoltativa del conferimento dei dati e conseguenze di un eventuale rifiuto di rispondere<\/strong><\/p>\n<p>L\u2019interessato \u00e8 libero di fornire i dati personali riportati nei moduli di richiesta alla Societ\u00e0. Il mancato conferimento di dati obbligatori, contrassegnati da un asterisco pu\u00f2 comportare l\u2019impossibilit\u00e0 di trattamento dei dati e quindi di risposta.<\/p>\n<p><strong>Dati forniti volontariamente dall&#8217;Utente<\/strong><\/p>\n<p>L&#8217;invio facoltativo, esplicito e volontario di posta elettronica agli indirizzi indicati su sito <a href=\"https:\/\/www.abiogen.it\/\">www.abiogen.it<\/a> di dati personali comporta la loro successiva acquisizione per la finalit\u00e0 per la quale essi sono stati forniti.<\/p>\n<p><strong>Eventuali destinatari o categorie di destinatari dei dati personali <\/strong><\/p>\n<p>I dati dell\u2019interessato potranno essere trattati dai dipendenti di Abiogen Pharma S.p.A. ovvero da soggetti terzi (ad. es. fornitori di servizi) a cui il Titolare si rivolge per l\u2019erogazione di servizi tecnici e funzionali connessi alla gestione del sito previo conferimento a quest\u2019ultimi, da parte del Titolare, della nomina di responsabili e\/o autorizzati al trattamento.<\/p>\n<p><strong>Trasferimento dei dati ad un paese terzo <\/strong><\/p>\n<p>Nel caso di trasferimento di dati verso paesi terzi che potrebbero non offrire un livello di protezione dei dati adeguato, Abiogen Pharma S.p.A. garantisce che il trattamento sar\u00e0 effettuato in conformit\u00e0 a quanto previsto dal Capo V del Regolamento U.E. 2016\/679<\/p>\n<p><strong>Periodo di conservazione dei dati personali e criteri utilizzati per determinare tale periodo <\/strong><\/p>\n<p>I Suoi dati personali saranno conservati finch\u00e9 durer\u00e0 il rapporto contrattuale e commerciale o finch\u00e9 non ne chieder\u00e0 l\u2019eliminazione oltrech\u00e9 per il tempo necessario ad adempiere agli obblighi di legge. Il criterio utilizzato per determinare il periodo di conservazione \u00e8 basato sul rispetto della normativa prevista dal Regolamento U.E. 2016\/679.<\/p>\n<p><strong>Sicurezza dei dati<\/strong><\/p>\n<p>Abiogen Pharma S.p.A. si avvale di tecnologie, misure di sicurezza, regole e altre procedure (ad es. minimizzazione e pseudonimizzazione) per proteggere i dati personali degli utenti da un accesso non autorizzato, dall\u2019uso improprio, dalla diffusione, dalla perdita o dalla distruzione in conformit\u00e0 a quanto previsto dagli artt. 25-32 del Regolamento U.E. 2016\/679. Per garantire la riservatezza dei dati, Abiogen Pharma S.p.A. utilizza firewall e sistemi di protezione mediante password conformi agli standard di settore.<\/p>\n<p><strong>Diritti degli interessati<\/strong><\/p>\n<p>Ai sensi degli artt. 15-22 del Regolamento U.E. 2016\/679, l\u2019interessato ha diritto di richiedere al Titolare del trattamento l\u2019accesso ai dati personali, la rettifica o la cancellazione degli stessi o la limitazione del trattamento che lo riguardano o di opporsi al loro trattamento. Le richieste di cui sopra dovranno essere rivolte al Gruppo Privacy \u2013\u00a0<a href=\"mailto:GRUPPOPRIVACY@abiogen.it\">GRUPPOPRIVACY@abiogen.it<\/a><\/p>\n<p>In qualsiasi momento l\u2019interessato ha diritto a revocare il consenso precedentemente conferito.<\/p>\n<p>Pu\u00f2 proporre reclamo ad un\u2019Autorit\u00e0 di controllo o al Garante per la Protezione dei Dati Personali.<\/p>\n<p>\n<\/div><\/div><\/div><\/div><\/div><\/div><\/div><!-- cell_inner --><\/div><!-- cell --><\/div><!-- port --><\/section>\n","protected":false},"excerpt":{"rendered":"","protected":false},"author":1,"featured_media":0,"parent":0,"menu_order":0,"comment_status":"closed","ping_status":"closed","template":"","meta":{"_acf_changed":false,"footnotes":""},"class_list":["post-3","page","type-page","status-publish","hentry"],"acf":[],"yoast_head":"<!-- This site is optimized with the Yoast SEO plugin v27.3 - https:\/\/yoast.com\/product\/yoast-seo-wordpress\/ -->\n<title>Privacy Policy - Abiogen<\/title>\n<meta name=\"robots\" content=\"index, follow, max-snippet:-1, max-image-preview:large, max-video-preview:-1\" \/>\n<link rel=\"canonical\" href=\"https:\/\/www.abiogen.it\/it\/privacy-policy\/\" \/>\n<meta property=\"og:locale\" content=\"it_IT\" \/>\n<meta property=\"og:type\" content=\"article\" \/>\n<meta property=\"og:title\" content=\"Privacy Policy - Abiogen\" \/>\n<meta property=\"og:url\" content=\"https:\/\/www.abiogen.it\/it\/privacy-policy\/\" \/>\n<meta property=\"og:site_name\" content=\"Abiogen\" \/>\n<meta property=\"article:modified_time\" content=\"2025-09-25T09:03:38+00:00\" \/>\n<meta property=\"og:image\" content=\"https:\/\/www.abiogen.it\/wp-content\/uploads\/2023\/07\/logo-abiogen-social-min.jpg\" \/>\n\t<meta property=\"og:image:width\" content=\"1200\" \/>\n\t<meta property=\"og:image:height\" content=\"765\" \/>\n\t<meta property=\"og:image:type\" content=\"image\/jpeg\" \/>\n<meta name=\"twitter:card\" content=\"summary_large_image\" \/>\n<meta name=\"twitter:label1\" content=\"Tempo di lettura stimato\" \/>\n\t<meta name=\"twitter:data1\" content=\"12 minuti\" \/>\n<!-- \/ Yoast SEO plugin. -->","yoast_head_json":{"title":"Privacy Policy - Abiogen","robots":{"index":"index","follow":"follow","max-snippet":"max-snippet:-1","max-image-preview":"max-image-preview:large","max-video-preview":"max-video-preview:-1"},"canonical":"https:\/\/www.abiogen.it\/it\/privacy-policy\/","og_locale":"it_IT","og_type":"article","og_title":"Privacy Policy - Abiogen","og_url":"https:\/\/www.abiogen.it\/it\/privacy-policy\/","og_site_name":"Abiogen","article_modified_time":"2025-09-25T09:03:38+00:00","og_image":[{"width":1200,"height":765,"url":"https:\/\/www.abiogen.it\/wp-content\/uploads\/2023\/07\/logo-abiogen-social-min.jpg","type":"image\/jpeg"}],"twitter_card":"summary_large_image","twitter_misc":{"Tempo di lettura stimato":"12 minuti"},"schema":{"@context":"https:\/\/schema.org","@graph":[{"@type":"WebPage","@id":"https:\/\/www.abiogen.it\/it\/privacy-policy\/","url":"https:\/\/www.abiogen.it\/it\/privacy-policy\/","name":"Privacy Policy - Abiogen","isPartOf":{"@id":"https:\/\/www.abiogen.it\/it\/#website"},"datePublished":"2023-03-01T15:17:04+00:00","dateModified":"2025-09-25T09:03:38+00:00","breadcrumb":{"@id":"https:\/\/www.abiogen.it\/it\/privacy-policy\/#breadcrumb"},"inLanguage":"it-IT","potentialAction":[{"@type":"ReadAction","target":["https:\/\/www.abiogen.it\/it\/privacy-policy\/"]}]},{"@type":"BreadcrumbList","@id":"https:\/\/www.abiogen.it\/it\/privacy-policy\/#breadcrumb","itemListElement":[{"@type":"ListItem","position":1,"name":"Home","item":"https:\/\/www.abiogen.it\/it\/"},{"@type":"ListItem","position":2,"name":"Privacy Policy"}]},{"@type":"WebSite","@id":"https:\/\/www.abiogen.it\/it\/#website","url":"https:\/\/www.abiogen.it\/it\/","name":"Abiogen","description":"","potentialAction":[{"@type":"SearchAction","target":{"@type":"EntryPoint","urlTemplate":"https:\/\/www.abiogen.it\/it\/?s={search_term_string}"},"query-input":{"@type":"PropertyValueSpecification","valueRequired":true,"valueName":"search_term_string"}}],"inLanguage":"it-IT"}]}},"_links":{"self":[{"href":"https:\/\/www.abiogen.it\/it\/wp-json\/wp\/v2\/pages\/3","targetHints":{"allow":["GET"]}}],"collection":[{"href":"https:\/\/www.abiogen.it\/it\/wp-json\/wp\/v2\/pages"}],"about":[{"href":"https:\/\/www.abiogen.it\/it\/wp-json\/wp\/v2\/types\/page"}],"author":[{"embeddable":true,"href":"https:\/\/www.abiogen.it\/it\/wp-json\/wp\/v2\/users\/1"}],"replies":[{"embeddable":true,"href":"https:\/\/www.abiogen.it\/it\/wp-json\/wp\/v2\/comments?post=3"}],"version-history":[{"count":12,"href":"https:\/\/www.abiogen.it\/it\/wp-json\/wp\/v2\/pages\/3\/revisions"}],"predecessor-version":[{"id":16912,"href":"https:\/\/www.abiogen.it\/it\/wp-json\/wp\/v2\/pages\/3\/revisions\/16912"}],"wp:attachment":[{"href":"https:\/\/www.abiogen.it\/it\/wp-json\/wp\/v2\/media?parent=3"}],"curies":[{"name":"wp","href":"https:\/\/api.w.org\/{rel}","templated":true}]}}