{"id":3586,"date":"2023-05-26T09:21:50","date_gmt":"2023-05-26T07:21:50","guid":{"rendered":"https:\/\/www.abiogen.it\/?page_id=3586"},"modified":"2026-03-19T16:57:06","modified_gmt":"2026-03-19T15:57:06","slug":"certificazioni-attestati","status":"publish","type":"page","link":"https:\/\/www.abiogen.it\/it\/certificazioni-attestati\/","title":{"rendered":"Certificazioni e attestati"},"content":{"rendered":"<section data-bb-version=\"4.5.6\" id=\"bt_bb_section69deb37b7ce4b\" class=\"bt_bb_section bt_bb_layout_boxed_1200 bt_bb_vertical_align_top bt_bb_top_spacing_normal bt_bb_bottom_spacing_large\"  data-bt-override-class=\"{&quot;bt_bb_top_spacing_&quot;:{&quot;current_class&quot;:&quot;bt_bb_top_spacing_normal&quot;,&quot;def&quot;:&quot;normal&quot;},&quot;bt_bb_bottom_spacing_&quot;:{&quot;current_class&quot;:&quot;bt_bb_bottom_spacing_large&quot;,&quot;def&quot;:&quot;large&quot;}}\"><div class=\"bt_bb_port\"><div class=\"bt_bb_cell\"><div class=\"bt_bb_cell_inner\"><div data-bb-version=\"4.5.6\" class=\"bt_bb_row \"  data-bt-override-class=\"{}\"><div class=\"bt_bb_row_holder\" ><div data-bb-version=\"4.5.6\"  class=\"bt_bb_column col-xxl-12 col-xl-12 col-xs-12 col-sm-12 col-md-12 col-lg-12 bt_bb_vertical_align_top bt_bb_align_left bt_bb_padding_normal\" style=\"; --column-width:12;\" data-width=\"12\" data-bt-override-class=\"{}\"><div class=\"bt_bb_column_content\"><div class=\"bt_bb_column_content_inner\"><div data-bb-version=\"4.5.6\" class=\"bt_bb_accordion bt_bb_color_scheme_4 bt_bb_style_outline bt_bb_shape_square\" style=\"; --accordion-primary-color:#d71920; --accordion-secondary-color:#ffffff;\" data-closed=closed><div class=\"bt_bb_accordion_item\"><div class=\"bt_bb_accordion_item_title\"><div class=\"bt_bb_accordion_item_title_content\">Informazione scientifica sul farmaco : qualit\u00e0 certificata<\/div><\/div><div class=\"bt_bb_accordion_item_content\"><div data-bb-version=\"4.5.6\"  class=\"bt_bb_text\" >\n<p>Farmindustria (l\u2019associazione delle aziende farmaceutiche operanti in Italia), gi\u00e0 dal 2004 richiede ai propri associati di predisporre e mantenere attivi i pi\u00f9 opportuni strumenti organizzativi per garantire e dimostrare in modo rigoroso il rispetto dei principi e delle normative di una corretta informazione scientifica per i farmaci in commercio, quali, ad esempio, il Decreto Legislativo 219\/06, il Codice Deontologico, le Linee Guida Farmindustria e le altre normative applicabili.<\/p>\n<p>Il processo di verifica prevede che un Ente terzo accreditato ACCREDIA (ente italiano di accreditamento) accerti ogni anno il rispetto delle norme, la corretta esecuzione dei processi di informazione scientifica, la trasparenza nel rapporto con tutti gli interlocutori dell\u2019industria farmaceutica: medici, operatori sanitari, Enti Pubblici. In caso di esito positivo della verifica annuale l\u2019Ente incaricato rilascia un certificato di conformit\u00e0 attestante che l&#8217;azienda opera in conformit\u00e0 ai requisiti del documento di riferimento FARMINDUSTRIA per la certificazione delle procedure relative alle Attivit\u00e0 di Informazione Scientifica.<\/p>\n<\/div>\n<div data-bb-version=\"4.5.6\" class=\"bt_bb_separator bt_bb_border_style_none bt_bb_border_color_none bt_bb_top_spacing_small bt_bb_bottom_spacing_small\" data-bt-override-class=\"{&quot;bt_bb_top_spacing_&quot;:{&quot;current_class&quot;:&quot;bt_bb_top_spacing_small&quot;,&quot;def&quot;:&quot;small&quot;,&quot;xl&quot;:&quot;small&quot;},&quot;bt_bb_bottom_spacing_&quot;:{&quot;current_class&quot;:&quot;bt_bb_bottom_spacing_small&quot;,&quot;def&quot;:&quot;small&quot;,&quot;xl&quot;:&quot;small&quot;}}\"><\/div>\n<div data-bb-version=\"5.4.7\" class=\"bt_bb_css_image_grid bt_bb_columns_1 bt_bb_gap_no_gap bt_bb_shape_inherit\" data-columns=\"1\">\n<div class=\"bt_bb_css_image_grid_content\">\n<div class=\"bt_bb_css_image_grid_item bt_bb_tile_format_11\" data-src-full=\"https:\/\/www.abiogen.it\/wp-content\/uploads\/2026\/03\/certificato-qualita-2026.jpg\" title=\"certificato-qualita-2026\">\n<div class=\"bt_bb_css_image_grid_item_inner\">\n<div class=\"bt_bb_css_image_grid_item_inner_image\"><img decoding=\"async\" src=\"https:\/\/www.abiogen.it\/wp-content\/uploads\/2026\/03\/certificato-qualita-2026-320x455.jpg\" data-src-full=\"https:\/\/www.abiogen.it\/wp-content\/uploads\/2026\/03\/certificato-qualita-2026.jpg\" title=\"certificato-qualita-2026\" alt=\"certificato-qualita-2026\"\/><\/div>\n<div class=\"bt_bb_css_image_grid_item_inner_content\"><\/div>\n<\/div>\n<\/div>\n<\/div>\n<\/div>\n<\/div><\/div><div class=\"bt_bb_accordion_item\"><div class=\"bt_bb_accordion_item_title\"><div class=\"bt_bb_accordion_item_title_content\">Certificazione ISO 9001 - 2015<\/div><\/div><div class=\"bt_bb_accordion_item_content\"><div data-bb-version=\"4.5.6\"  class=\"bt_bb_text\" >\n<p>La Certificazione ISO 9001- 2015 fornisce un approccio strategico al sistema qualit\u00e0 assicurando che gli obiettivi aziendali confluiscano nei processi e nelle procedure di lavoro per garantire l\u2019ottimizzazione di tutte le risorse produttive. Migliora le performance dell\u2019azienda e migliora la gestione del rischio aziendale tenendo costantemente sotto controllo le criticit\u00e0 e la piena rispondenza alla normativa cogente. Fornisce a dipendenti, Clienti e fornitori il chiaro messaggio che l\u2019azienda \u00e8 impegnata su standard elevati e intende perseguire un miglioramento continuo della qualit\u00e0 dei propri prodotti e servizi.<\/p>\n<\/div>\n<div data-bb-version=\"4.5.6\" class=\"bt_bb_separator bt_bb_border_style_none bt_bb_border_color_none bt_bb_top_spacing_small bt_bb_bottom_spacing_small\" data-bt-override-class=\"{&quot;bt_bb_top_spacing_&quot;:{&quot;current_class&quot;:&quot;bt_bb_top_spacing_small&quot;,&quot;def&quot;:&quot;small&quot;,&quot;xl&quot;:&quot;small&quot;},&quot;bt_bb_bottom_spacing_&quot;:{&quot;current_class&quot;:&quot;bt_bb_bottom_spacing_small&quot;,&quot;def&quot;:&quot;small&quot;,&quot;xl&quot;:&quot;small&quot;}}\"><\/div>\n<div data-bb-version=\"5.2.5\" class=\"bt_bb_css_image_grid bt_bb_columns_2 bt_bb_gap_no_gap bt_bb_shape_inherit\" data-columns=\"2\">\n<div class=\"bt_bb_css_image_grid_content\">\n<div class=\"bt_bb_css_image_grid_item bt_bb_tile_format_11\" data-src-full=\"https:\/\/www.abiogen.it\/wp-content\/uploads\/2025\/05\/23227_250321_UN_Pagina_1.jpg\" title=\"23227_250321_UN_Pagina_1\">\n<div class=\"bt_bb_css_image_grid_item_inner\">\n<div class=\"bt_bb_css_image_grid_item_inner_image\"><img decoding=\"async\" src=\"https:\/\/www.abiogen.it\/wp-content\/uploads\/2025\/05\/23227_250321_UN_Pagina_1-320x452.jpg\" data-src-full=\"https:\/\/www.abiogen.it\/wp-content\/uploads\/2025\/05\/23227_250321_UN_Pagina_1.jpg\" title=\"23227_250321_UN_Pagina_1\" alt=\"23227_250321_UN_Pagina_1\"\/><\/div>\n<div class=\"bt_bb_css_image_grid_item_inner_content\"><\/div>\n<\/div>\n<\/div>\n<div class=\"bt_bb_css_image_grid_item bt_bb_tile_format_11\" data-src-full=\"https:\/\/www.abiogen.it\/wp-content\/uploads\/2025\/05\/23227_250321_UN_Pagina_2.jpg\" title=\"23227_250321_UN_Pagina_2\">\n<div class=\"bt_bb_css_image_grid_item_inner\">\n<div class=\"bt_bb_css_image_grid_item_inner_image\"><img decoding=\"async\" src=\"https:\/\/www.abiogen.it\/wp-content\/uploads\/2025\/05\/23227_250321_UN_Pagina_2-320x452.jpg\" data-src-full=\"https:\/\/www.abiogen.it\/wp-content\/uploads\/2025\/05\/23227_250321_UN_Pagina_2.jpg\" title=\"23227_250321_UN_Pagina_2\" alt=\"23227_250321_UN_Pagina_2\"\/><\/div>\n<div class=\"bt_bb_css_image_grid_item_inner_content\"><\/div>\n<\/div>\n<\/div>\n<\/div>\n<\/div>\n<\/div><\/div><div class=\"bt_bb_accordion_item\"><div class=\"bt_bb_accordion_item_title\"><div class=\"bt_bb_accordion_item_title_content\">CERTIFICATO UNI PdR 125:2022<\/div><\/div><div class=\"bt_bb_accordion_item_content\"><div data-bb-version=\"4.5.6\"  class=\"bt_bb_text\" >\n<\/div>\n<div data-bb-version=\"4.5.6\" class=\"bt_bb_separator bt_bb_border_style_none bt_bb_border_color_none bt_bb_top_spacing_small bt_bb_bottom_spacing_small\" data-bt-override-class=\"{&quot;bt_bb_top_spacing_&quot;:{&quot;current_class&quot;:&quot;bt_bb_top_spacing_small&quot;,&quot;def&quot;:&quot;small&quot;,&quot;xl&quot;:&quot;small&quot;},&quot;bt_bb_bottom_spacing_&quot;:{&quot;current_class&quot;:&quot;bt_bb_bottom_spacing_small&quot;,&quot;def&quot;:&quot;small&quot;,&quot;xl&quot;:&quot;small&quot;}}\"><\/div>\n<div data-bb-version=\"5.4.7\" class=\"bt_bb_css_image_grid bt_bb_columns_1 bt_bb_gap_no_gap bt_bb_shape_inherit\" data-columns=\"1\">\n<div class=\"bt_bb_css_image_grid_content\">\n<div class=\"bt_bb_css_image_grid_item bt_bb_tile_format_11\" data-src-full=\"https:\/\/www.abiogen.it\/wp-content\/uploads\/2026\/03\/CSQA_91203_UNI_PdR_125__2022_Abiogen_Pharma_S.p.A._2025.jpg\" title=\"CSQA_91203_UNI_PdR_125__2022_Abiogen_Pharma_S.p.A._2025\">\n<div class=\"bt_bb_css_image_grid_item_inner\">\n<div class=\"bt_bb_css_image_grid_item_inner_image\"><img decoding=\"async\" src=\"https:\/\/www.abiogen.it\/wp-content\/uploads\/2026\/03\/CSQA_91203_UNI_PdR_125__2022_Abiogen_Pharma_S.p.A._2025-320x453.jpg\" data-src-full=\"https:\/\/www.abiogen.it\/wp-content\/uploads\/2026\/03\/CSQA_91203_UNI_PdR_125__2022_Abiogen_Pharma_S.p.A._2025.jpg\" title=\"CSQA_91203_UNI_PdR_125__2022_Abiogen_Pharma_S.p.A._2025\" alt=\"CSQA_91203_UNI_PdR_125__2022_Abiogen_Pharma_S.p.A._2025\"\/><\/div>\n<div class=\"bt_bb_css_image_grid_item_inner_content\"><\/div>\n<\/div>\n<\/div>\n<\/div>\n<\/div>\n<\/div><\/div><div class=\"bt_bb_accordion_item\"><div class=\"bt_bb_accordion_item_title\"><div class=\"bt_bb_accordion_item_title_content\">CERTIFICAZIONE ISO 45001:2018 \u2013 NUMERO DI CERTIFICATO 27729\/A<\/div><\/div><div class=\"bt_bb_accordion_item_content\"><div data-bb-version=\"4.5.6\" class=\"bt_bb_css_image_grid bt_bb_columns_1 bt_bb_gap_no_gap bt_bb_shape_inherit\" data-columns=\"1\">\n<div class=\"bt_bb_css_image_grid_content\">\n<div class=\"bt_bb_css_image_grid_item bt_bb_tile_format_11\" data-src-full=\"https:\/\/www.abiogen.it\/wp-content\/uploads\/2023\/05\/uni-iso-45001-min-320x452.jpg\" title=\"uni-iso-45001-min\">\n<div class=\"bt_bb_css_image_grid_item_inner\">\n<div class=\"bt_bb_css_image_grid_item_inner_image\"><img decoding=\"async\" src=\"https:\/\/www.abiogen.it\/wp-content\/uploads\/2023\/05\/uni-iso-45001-min-320x452.jpg\" data-src-full=\"https:\/\/www.abiogen.it\/wp-content\/uploads\/2023\/05\/uni-iso-45001-min-320x452.jpg\" title=\"uni-iso-45001-min\" alt=\"uni-iso-45001-min\"\/><\/div>\n<div class=\"bt_bb_css_image_grid_item_inner_content\"><\/div>\n<\/div>\n<\/div>\n<\/div>\n<\/div>\n<\/div><\/div><div class=\"bt_bb_accordion_item\"><div class=\"bt_bb_accordion_item_title\"><div class=\"bt_bb_accordion_item_title_content\">CERTIFICAZIONE QUALITY MANAGEMENT SYSTEM - ISO 13485:2016 &amp; EN ISO 13485:2016<\/div><\/div><div class=\"bt_bb_accordion_item_content\"><div data-bb-version=\"4.9.1\" class=\"bt_bb_css_image_grid bt_bb_columns_1 bt_bb_gap_no_gap bt_bb_shape_inherit\" data-columns=\"1\">\n<div class=\"bt_bb_css_image_grid_content\">\n<div class=\"bt_bb_css_image_grid_item bt_bb_tile_format_11\" data-src-full=\"https:\/\/www.abiogen.it\/wp-content\/uploads\/2024\/07\/BSI-CERTIFICATE-OF-REGISTRATION.png\" title=\"BSI CERTIFICATE OF REGISTRATION\">\n<div class=\"bt_bb_css_image_grid_item_inner\">\n<div class=\"bt_bb_css_image_grid_item_inner_image\"><img decoding=\"async\" src=\"https:\/\/www.abiogen.it\/wp-content\/uploads\/2024\/07\/BSI-CERTIFICATE-OF-REGISTRATION-320x450.png\" data-src-full=\"https:\/\/www.abiogen.it\/wp-content\/uploads\/2024\/07\/BSI-CERTIFICATE-OF-REGISTRATION.png\" title=\"BSI CERTIFICATE OF REGISTRATION\" alt=\"BSI CERTIFICATE OF REGISTRATION\"\/><\/div>\n<div class=\"bt_bb_css_image_grid_item_inner_content\"><\/div>\n<\/div>\n<\/div>\n<\/div>\n<\/div>\n<\/div><\/div><div class=\"bt_bb_accordion_item\"><div class=\"bt_bb_accordion_item_title\"><div class=\"bt_bb_accordion_item_title_content\">CRIBIS PRIME COMPANY - CRIBIS RATING, MASSIMA AFFIDABILIT\u00c0 COMMERCIALE<\/div><\/div><div class=\"bt_bb_accordion_item_content\"><div data-bb-version=\"4.6.1\" class=\"bt_bb_css_image_grid bt_bb_columns_1 bt_bb_gap_no_gap bt_bb_shape_inherit\" data-columns=\"1\">\n<div class=\"bt_bb_css_image_grid_content\">\n<div class=\"bt_bb_css_image_grid_item bt_bb_tile_format_11\" data-src-full=\"https:\/\/www.abiogen.it\/wp-content\/uploads\/2023\/09\/cribis-min.jpg\" title=\"cribis-min\">\n<div class=\"bt_bb_css_image_grid_item_inner\">\n<div class=\"bt_bb_css_image_grid_item_inner_image\"><img decoding=\"async\" src=\"https:\/\/www.abiogen.it\/wp-content\/uploads\/2023\/09\/cribis-min-320x217.jpg\" data-src-full=\"https:\/\/www.abiogen.it\/wp-content\/uploads\/2023\/09\/cribis-min.jpg\" title=\"cribis-min\" alt=\"cribis-min\"\/><\/div>\n<div class=\"bt_bb_css_image_grid_item_inner_content\"><\/div>\n<\/div>\n<\/div>\n<\/div>\n<\/div>\n<\/div><\/div><\/div><\/div><\/div><\/div><\/div><\/div><\/div><!-- cell_inner --><\/div><!-- cell --><\/div><!-- port --><\/section>\n","protected":false},"excerpt":{"rendered":"","protected":false},"author":1,"featured_media":0,"parent":0,"menu_order":0,"comment_status":"closed","ping_status":"closed","template":"","meta":{"_acf_changed":false,"footnotes":""},"class_list":["post-3586","page","type-page","status-publish","hentry"],"acf":[],"yoast_head":"<!-- This site is optimized with the Yoast SEO plugin v27.3 - https:\/\/yoast.com\/product\/yoast-seo-wordpress\/ -->\n<title>Certificazioni e attestati - Abiogen<\/title>\n<meta name=\"robots\" content=\"index, follow, max-snippet:-1, max-image-preview:large, max-video-preview:-1\" \/>\n<link rel=\"canonical\" href=\"https:\/\/www.abiogen.it\/it\/certificazioni-attestati\/\" \/>\n<meta property=\"og:locale\" content=\"it_IT\" \/>\n<meta property=\"og:type\" content=\"article\" \/>\n<meta property=\"og:title\" content=\"Certificazioni e attestati - Abiogen\" \/>\n<meta property=\"og:url\" content=\"https:\/\/www.abiogen.it\/it\/certificazioni-attestati\/\" \/>\n<meta property=\"og:site_name\" content=\"Abiogen\" \/>\n<meta property=\"article:modified_time\" content=\"2026-03-19T15:57:06+00:00\" \/>\n<meta property=\"og:image\" content=\"https:\/\/www.abiogen.it\/wp-content\/uploads\/2023\/07\/logo-abiogen-social-min.jpg\" \/>\n\t<meta property=\"og:image:width\" content=\"1200\" \/>\n\t<meta property=\"og:image:height\" content=\"765\" \/>\n\t<meta property=\"og:image:type\" content=\"image\/jpeg\" \/>\n<meta name=\"twitter:card\" content=\"summary_large_image\" \/>\n<meta name=\"twitter:label1\" content=\"Tempo di lettura stimato\" \/>\n\t<meta name=\"twitter:data1\" content=\"4 minuti\" \/>\n<!-- \/ Yoast SEO plugin. -->","yoast_head_json":{"title":"Certificazioni e attestati - Abiogen","robots":{"index":"index","follow":"follow","max-snippet":"max-snippet:-1","max-image-preview":"max-image-preview:large","max-video-preview":"max-video-preview:-1"},"canonical":"https:\/\/www.abiogen.it\/it\/certificazioni-attestati\/","og_locale":"it_IT","og_type":"article","og_title":"Certificazioni e attestati - Abiogen","og_url":"https:\/\/www.abiogen.it\/it\/certificazioni-attestati\/","og_site_name":"Abiogen","article_modified_time":"2026-03-19T15:57:06+00:00","og_image":[{"width":1200,"height":765,"url":"https:\/\/www.abiogen.it\/wp-content\/uploads\/2023\/07\/logo-abiogen-social-min.jpg","type":"image\/jpeg"}],"twitter_card":"summary_large_image","twitter_misc":{"Tempo di lettura stimato":"4 minuti"},"schema":{"@context":"https:\/\/schema.org","@graph":[{"@type":"WebPage","@id":"https:\/\/www.abiogen.it\/it\/certificazioni-attestati\/","url":"https:\/\/www.abiogen.it\/it\/certificazioni-attestati\/","name":"Certificazioni e attestati - Abiogen","isPartOf":{"@id":"https:\/\/www.abiogen.it\/it\/#website"},"datePublished":"2023-05-26T07:21:50+00:00","dateModified":"2026-03-19T15:57:06+00:00","breadcrumb":{"@id":"https:\/\/www.abiogen.it\/it\/certificazioni-attestati\/#breadcrumb"},"inLanguage":"it-IT","potentialAction":[{"@type":"ReadAction","target":["https:\/\/www.abiogen.it\/it\/certificazioni-attestati\/"]}]},{"@type":"BreadcrumbList","@id":"https:\/\/www.abiogen.it\/it\/certificazioni-attestati\/#breadcrumb","itemListElement":[{"@type":"ListItem","position":1,"name":"Home","item":"https:\/\/www.abiogen.it\/it\/"},{"@type":"ListItem","position":2,"name":"Certificazioni e attestati"}]},{"@type":"WebSite","@id":"https:\/\/www.abiogen.it\/it\/#website","url":"https:\/\/www.abiogen.it\/it\/","name":"Abiogen","description":"","potentialAction":[{"@type":"SearchAction","target":{"@type":"EntryPoint","urlTemplate":"https:\/\/www.abiogen.it\/it\/?s={search_term_string}"},"query-input":{"@type":"PropertyValueSpecification","valueRequired":true,"valueName":"search_term_string"}}],"inLanguage":"it-IT"}]}},"_links":{"self":[{"href":"https:\/\/www.abiogen.it\/it\/wp-json\/wp\/v2\/pages\/3586","targetHints":{"allow":["GET"]}}],"collection":[{"href":"https:\/\/www.abiogen.it\/it\/wp-json\/wp\/v2\/pages"}],"about":[{"href":"https:\/\/www.abiogen.it\/it\/wp-json\/wp\/v2\/types\/page"}],"author":[{"embeddable":true,"href":"https:\/\/www.abiogen.it\/it\/wp-json\/wp\/v2\/users\/1"}],"replies":[{"embeddable":true,"href":"https:\/\/www.abiogen.it\/it\/wp-json\/wp\/v2\/comments?post=3586"}],"version-history":[{"count":24,"href":"https:\/\/www.abiogen.it\/it\/wp-json\/wp\/v2\/pages\/3586\/revisions"}],"predecessor-version":[{"id":17464,"href":"https:\/\/www.abiogen.it\/it\/wp-json\/wp\/v2\/pages\/3586\/revisions\/17464"}],"wp:attachment":[{"href":"https:\/\/www.abiogen.it\/it\/wp-json\/wp\/v2\/media?parent=3586"}],"curies":[{"name":"wp","href":"https:\/\/api.w.org\/{rel}","templated":true}]}}