{"id":3637,"date":"2023-05-26T12:27:24","date_gmt":"2023-05-26T10:27:24","guid":{"rendered":"https:\/\/www.abiogen.it\/?page_id=3637"},"modified":"2023-09-20T10:22:36","modified_gmt":"2023-09-20T08:22:36","slug":"ipovitaminosi-d","status":"publish","type":"page","link":"https:\/\/www.abiogen.it\/it\/ipovitaminosi-d\/","title":{"rendered":"Ipovitaminosi D"},"content":{"rendered":"<section data-bb-version=\"4.5.6\" id=\"bt_bb_section69e45ad274a94\" class=\"bt_bb_section bt_bb_layout_boxed_1200 bt_bb_vertical_align_top bt_bb_top_spacing_normal bt_bb_bottom_spacing_large\"  data-bt-override-class=\"{&quot;bt_bb_top_spacing_&quot;:{&quot;current_class&quot;:&quot;bt_bb_top_spacing_normal&quot;,&quot;def&quot;:&quot;normal&quot;},&quot;bt_bb_bottom_spacing_&quot;:{&quot;current_class&quot;:&quot;bt_bb_bottom_spacing_large&quot;,&quot;def&quot;:&quot;large&quot;}}\"><div class=\"bt_bb_port\"><div class=\"bt_bb_cell\"><div class=\"bt_bb_cell_inner\"><div data-bb-version=\"4.5.6\" class=\"bt_bb_row \"  data-bt-override-class=\"{}\"><div class=\"bt_bb_row_holder\" ><div data-bb-version=\"4.6.1\"  class=\"bt_bb_column col-xxl-1 col-xl-1 col-xs-3 col-sm-3 col-md-3 col-lg-1 padding-right-0 bt_bb_vertical_align_top bt_bb_align_left bt_bb_padding_normal bt_bb_details-color_white\" style=\"; --column-width:1;\" data-width=\"1\" data-bt-override-class=\"{&quot;bt_bb_align_&quot;:{&quot;current_class&quot;:&quot;bt_bb_align_left&quot;,&quot;def&quot;:&quot;left&quot;},&quot;bt_bb_padding_&quot;:{&quot;current_class&quot;:&quot;bt_bb_padding_normal&quot;,&quot;def&quot;:&quot;normal&quot;}}\"><div class=\"bt_bb_column_content\"><div class=\"bt_bb_column_content_inner\"><div data-bb-version=\"4.6.1\" class=\"bt_bb_image ico-teraphy bt_bb_shape_square bt_bb_target_self bt_bb_align_inherit bt_bb_hover_style_simple bt_bb_content_display_always bt_bb_content_align_middle\" data-bt-override-class=\"{&quot;bt_bb_align_&quot;:{&quot;current_class&quot;:&quot;bt_bb_align_inherit&quot;,&quot;def&quot;:&quot;inherit&quot;}}\"><span><img loading=\"lazy\" decoding=\"async\" width=\"100\" height=\"99\" src=\"https:\/\/www.abiogen.it\/wp-content\/uploads\/2023\/07\/vitamina-d-ico-min.jpg\" class=\"attachment-full size-full\" alt=\"https:\/\/www.abiogen.it\/wp-content\/uploads\/2023\/07\/vitamina-d-ico-min.jpg\" data-full_image_src=\"https:\/\/www.abiogen.it\/wp-content\/uploads\/2023\/07\/vitamina-d-ico-min.jpg\" title=\"vitamina-d-ico-min\" \/><\/span><\/div><\/div><\/div><\/div><div data-bb-version=\"4.5.6\"  class=\"bt_bb_column col-xxl-11 col-xl-11 col-xs-9 col-sm-9 col-md-9 col-lg-11 bt_bb_vertical_align_top bt_bb_align_left bt_bb_padding_normal\" style=\"; --column-width:11;\" data-width=\"11\" data-bt-override-class=\"{}\"><div class=\"bt_bb_column_content\"><div class=\"bt_bb_column_content_inner\"><header data-bb-version=\"4.6.0\" class=\"bt_bb_headline bt_bb_subheadline_text_transform_default bt_bb_dash_none bt_bb_size_inherit bt_bb_align_inherit\" data-bt-override-class=\"{&quot;bt_bb_size_&quot;:{&quot;current_class&quot;:&quot;bt_bb_size_inherit&quot;,&quot;def&quot;:&quot;inherit&quot;},&quot;bt_bb_align_&quot;:{&quot;current_class&quot;:&quot;bt_bb_align_inherit&quot;,&quot;def&quot;:&quot;inherit&quot;}}\"><h2 class=\"bt_bb_headline_tag\"><span class=\"bt_bb_headline_content\"><span>Abiogen Pharma: l\u2019impegno nella prevenzione e trattamento dell\u2019ipovitaminosi D<\/span><\/span><\/h2><\/header><div data-bb-version=\"4.6.0\" class=\"bt_bb_separator bt_bb_border_style_none bt_bb_border_color_none bt_bb_top_spacing_none bt_bb_bottom_spacing_small\" data-bt-override-class=\"{&quot;bt_bb_top_spacing_&quot;:{&quot;current_class&quot;:&quot;bt_bb_top_spacing_none&quot;,&quot;def&quot;:&quot;none&quot;},&quot;bt_bb_bottom_spacing_&quot;:{&quot;current_class&quot;:&quot;bt_bb_bottom_spacing_small&quot;,&quot;def&quot;:&quot;small&quot;}}\"><\/div><div data-bb-version=\"4.5.6\"  class=\"bt_bb_text\" ><\/p>\n<p>Abiogen Pharma ha contribuito in maniera determinante a fornire alla classe medica strumenti adeguati per la prevenzione e il trattamento della <strong>carenza della vitamina D<\/strong>.<br \/>\nL\u2019<strong>ipovitaminosi D<\/strong> \u00e8 una condizione particolarmente frequente in Italia, non solo negli anziani ma anche tra i giovani.<br \/>\nI <strong>principali fattori che possono influenzare lo stato vitaminico D<\/strong> comprendono l\u2019<strong>intensa pigmentazione cutanea<\/strong>, la <strong>percentuale di cute esposta al sole<\/strong>, la <strong>stagionalit\u00e0<\/strong>, la <strong>latitudine<\/strong>, l\u2019applicazione di <strong>filtri solari<\/strong>, il <strong>tempo di irradiazione<\/strong>, l\u2019<strong>et\u00e0<\/strong>, l\u2019<strong>obesit\u00e0<\/strong>, l\u2019utilizzo di alcuni <strong>trattamenti farmacologici.<\/strong><\/p>\n<p>\n<\/div><div data-bb-version=\"4.6.0\" class=\"bt_bb_separator bt_bb_border_style_none bt_bb_border_color_none bt_bb_top_spacing_none bt_bb_bottom_spacing_normal\" data-bt-override-class=\"{&quot;bt_bb_top_spacing_&quot;:{&quot;current_class&quot;:&quot;bt_bb_top_spacing_none&quot;,&quot;def&quot;:&quot;none&quot;},&quot;bt_bb_bottom_spacing_&quot;:{&quot;current_class&quot;:&quot;bt_bb_bottom_spacing_normal&quot;,&quot;def&quot;:&quot;normal&quot;}}\"><\/div><header data-bb-version=\"4.6.0\" class=\"bt_bb_headline bt_bb_subheadline_text_transform_default bt_bb_dash_none bt_bb_size_inherit bt_bb_align_inherit\" data-bt-override-class=\"{&quot;bt_bb_size_&quot;:{&quot;current_class&quot;:&quot;bt_bb_size_inherit&quot;,&quot;def&quot;:&quot;inherit&quot;},&quot;bt_bb_align_&quot;:{&quot;current_class&quot;:&quot;bt_bb_align_inherit&quot;,&quot;def&quot;:&quot;inherit&quot;}}\"><h2 class=\"bt_bb_headline_tag\"><span class=\"bt_bb_headline_content\"><span>L\u2019ipovitaminosi nel bambino<\/span><\/span><\/h2><\/header><div data-bb-version=\"4.6.0\" class=\"bt_bb_separator bt_bb_border_style_none bt_bb_border_color_none bt_bb_top_spacing_none bt_bb_bottom_spacing_small\" data-bt-override-class=\"{&quot;bt_bb_top_spacing_&quot;:{&quot;current_class&quot;:&quot;bt_bb_top_spacing_none&quot;,&quot;def&quot;:&quot;none&quot;},&quot;bt_bb_bottom_spacing_&quot;:{&quot;current_class&quot;:&quot;bt_bb_bottom_spacing_small&quot;,&quot;def&quot;:&quot;small&quot;}}\"><\/div><div data-bb-version=\"4.5.6\"  class=\"bt_bb_text\" ><\/p>\n<p>Nel bambino, la carenza di vitamina D pu\u00f2 sviluppare il <strong>rachitismo<\/strong>, una patologia tipica dell\u2019et\u00e0 evolutiva caratterizzata da una ridotta mineralizzazione delle ossa che possono deformarsi con conseguente disabilit\u00e0. Il rachitismo pu\u00f2 inoltre comportare effetti negativi a lungo termine come l\u2019alterazione dei processi di acquisizione del picco di massa ossea e l\u2019aumento del rischio di osteoporosi in et\u00e0 adulta.<\/p>\n<p>\n<\/div><div data-bb-version=\"4.6.0\" class=\"bt_bb_separator bt_bb_border_style_none bt_bb_border_color_none bt_bb_top_spacing_none bt_bb_bottom_spacing_normal\" data-bt-override-class=\"{&quot;bt_bb_top_spacing_&quot;:{&quot;current_class&quot;:&quot;bt_bb_top_spacing_none&quot;,&quot;def&quot;:&quot;none&quot;},&quot;bt_bb_bottom_spacing_&quot;:{&quot;current_class&quot;:&quot;bt_bb_bottom_spacing_normal&quot;,&quot;def&quot;:&quot;normal&quot;}}\"><\/div><header data-bb-version=\"4.6.0\" class=\"bt_bb_headline bt_bb_subheadline_text_transform_default bt_bb_dash_none bt_bb_size_inherit bt_bb_align_inherit\" data-bt-override-class=\"{&quot;bt_bb_size_&quot;:{&quot;current_class&quot;:&quot;bt_bb_size_inherit&quot;,&quot;def&quot;:&quot;inherit&quot;},&quot;bt_bb_align_&quot;:{&quot;current_class&quot;:&quot;bt_bb_align_inherit&quot;,&quot;def&quot;:&quot;inherit&quot;}}\"><h2 class=\"bt_bb_headline_tag\"><span class=\"bt_bb_headline_content\"><span>L\u2019ipovitaminosi nei giovani adulti e anziani<\/span><\/span><\/h2><\/header><div data-bb-version=\"4.6.0\" class=\"bt_bb_separator bt_bb_border_style_none bt_bb_border_color_none bt_bb_top_spacing_none bt_bb_bottom_spacing_small\" data-bt-override-class=\"{&quot;bt_bb_top_spacing_&quot;:{&quot;current_class&quot;:&quot;bt_bb_top_spacing_none&quot;,&quot;def&quot;:&quot;none&quot;},&quot;bt_bb_bottom_spacing_&quot;:{&quot;current_class&quot;:&quot;bt_bb_bottom_spacing_small&quot;,&quot;def&quot;:&quot;small&quot;}}\"><\/div><div data-bb-version=\"4.5.6\"  class=\"bt_bb_text\" ><\/p>\n<p>Nei giovani adulti e anziani, la persistenza di uno stato carenziale di vitamina D pu\u00f2 invece determinare <strong>osteomalacia<\/strong> e contribuire alla <strong>patogenesi dell\u2019osteoporosi<\/strong>. Non solo, <strong>l\u2019ipovitaminosi D pu\u00f2 rappresentare la causa pi\u00f9 comune di mancata risposta alla terapia farmacologica dell\u2019osteoporosi<\/strong>.<\/p>\n<p>\n<\/div><div data-bb-version=\"4.6.0\" class=\"bt_bb_separator bt_bb_border_style_none bt_bb_border_color_none bt_bb_top_spacing_none bt_bb_bottom_spacing_normal\" data-bt-override-class=\"{&quot;bt_bb_top_spacing_&quot;:{&quot;current_class&quot;:&quot;bt_bb_top_spacing_none&quot;,&quot;def&quot;:&quot;none&quot;},&quot;bt_bb_bottom_spacing_&quot;:{&quot;current_class&quot;:&quot;bt_bb_bottom_spacing_normal&quot;,&quot;def&quot;:&quot;normal&quot;}}\"><\/div><header data-bb-version=\"4.6.0\" class=\"bt_bb_headline bt_bb_subheadline_text_transform_default bt_bb_dash_none bt_bb_size_inherit bt_bb_align_inherit\" data-bt-override-class=\"{&quot;bt_bb_size_&quot;:{&quot;current_class&quot;:&quot;bt_bb_size_inherit&quot;,&quot;def&quot;:&quot;inherit&quot;},&quot;bt_bb_align_&quot;:{&quot;current_class&quot;:&quot;bt_bb_align_inherit&quot;,&quot;def&quot;:&quot;inherit&quot;}}\"><h2 class=\"bt_bb_headline_tag\"><span class=\"bt_bb_headline_content\"><span>L\u2019ipovitaminosi e altre patologie<\/span><\/span><\/h2><\/header><div data-bb-version=\"4.6.0\" class=\"bt_bb_separator bt_bb_border_style_none bt_bb_border_color_none bt_bb_top_spacing_none bt_bb_bottom_spacing_small\" data-bt-override-class=\"{&quot;bt_bb_top_spacing_&quot;:{&quot;current_class&quot;:&quot;bt_bb_top_spacing_none&quot;,&quot;def&quot;:&quot;none&quot;},&quot;bt_bb_bottom_spacing_&quot;:{&quot;current_class&quot;:&quot;bt_bb_bottom_spacing_small&quot;,&quot;def&quot;:&quot;small&quot;}}\"><\/div><div data-bb-version=\"4.5.6\"  class=\"bt_bb_text\" ><\/p>\n<p>Numerosi contributi scientifici hanno descritto una diffusa condizione di ipovitaminosi D anche <strong>nei pazienti affetti da molte altre patologie tra cui quelle reumatiche<\/strong>, quelle <strong>dermatologicamente estese<\/strong> e quelle del <strong>sistema immunitario<\/strong>, rappresentano solo alcuni esempi.<\/p>\n<p>\n<\/div><\/div><\/div><\/div><\/div><\/div><\/div><!-- cell_inner --><\/div><!-- cell --><\/div><!-- port --><\/section>\n","protected":false},"excerpt":{"rendered":"","protected":false},"author":1,"featured_media":0,"parent":0,"menu_order":0,"comment_status":"closed","ping_status":"closed","template":"","meta":{"_acf_changed":false,"footnotes":""},"class_list":["post-3637","page","type-page","status-publish","hentry"],"acf":[],"yoast_head":"<!-- This site is optimized with the Yoast SEO plugin v27.3 - https:\/\/yoast.com\/product\/yoast-seo-wordpress\/ -->\n<title>Ipovitaminosi D - Abiogen<\/title>\n<meta name=\"robots\" content=\"index, follow, max-snippet:-1, max-image-preview:large, max-video-preview:-1\" \/>\n<link rel=\"canonical\" href=\"https:\/\/www.abiogen.it\/it\/ipovitaminosi-d\/\" \/>\n<meta property=\"og:locale\" content=\"it_IT\" \/>\n<meta property=\"og:type\" content=\"article\" \/>\n<meta property=\"og:title\" content=\"Ipovitaminosi D - Abiogen\" \/>\n<meta property=\"og:url\" content=\"https:\/\/www.abiogen.it\/it\/ipovitaminosi-d\/\" \/>\n<meta property=\"og:site_name\" content=\"Abiogen\" \/>\n<meta property=\"article:modified_time\" content=\"2023-09-20T08:22:36+00:00\" \/>\n<meta property=\"og:image\" content=\"https:\/\/www.abiogen.it\/wp-content\/uploads\/2023\/07\/logo-abiogen-social-min.jpg\" \/>\n\t<meta property=\"og:image:width\" content=\"1200\" \/>\n\t<meta property=\"og:image:height\" content=\"765\" \/>\n\t<meta property=\"og:image:type\" content=\"image\/jpeg\" \/>\n<meta name=\"twitter:card\" content=\"summary_large_image\" \/>\n<meta name=\"twitter:label1\" content=\"Tempo di lettura stimato\" \/>\n\t<meta name=\"twitter:data1\" content=\"3 minuti\" \/>\n<!-- \/ Yoast SEO plugin. -->","yoast_head_json":{"title":"Ipovitaminosi D - Abiogen","robots":{"index":"index","follow":"follow","max-snippet":"max-snippet:-1","max-image-preview":"max-image-preview:large","max-video-preview":"max-video-preview:-1"},"canonical":"https:\/\/www.abiogen.it\/it\/ipovitaminosi-d\/","og_locale":"it_IT","og_type":"article","og_title":"Ipovitaminosi D - Abiogen","og_url":"https:\/\/www.abiogen.it\/it\/ipovitaminosi-d\/","og_site_name":"Abiogen","article_modified_time":"2023-09-20T08:22:36+00:00","og_image":[{"width":1200,"height":765,"url":"https:\/\/www.abiogen.it\/wp-content\/uploads\/2023\/07\/logo-abiogen-social-min.jpg","type":"image\/jpeg"}],"twitter_card":"summary_large_image","twitter_misc":{"Tempo di lettura stimato":"3 minuti"},"schema":{"@context":"https:\/\/schema.org","@graph":[{"@type":"WebPage","@id":"https:\/\/www.abiogen.it\/it\/ipovitaminosi-d\/","url":"https:\/\/www.abiogen.it\/it\/ipovitaminosi-d\/","name":"Ipovitaminosi D - Abiogen","isPartOf":{"@id":"https:\/\/www.abiogen.it\/it\/#website"},"datePublished":"2023-05-26T10:27:24+00:00","dateModified":"2023-09-20T08:22:36+00:00","breadcrumb":{"@id":"https:\/\/www.abiogen.it\/it\/ipovitaminosi-d\/#breadcrumb"},"inLanguage":"it-IT","potentialAction":[{"@type":"ReadAction","target":["https:\/\/www.abiogen.it\/it\/ipovitaminosi-d\/"]}]},{"@type":"BreadcrumbList","@id":"https:\/\/www.abiogen.it\/it\/ipovitaminosi-d\/#breadcrumb","itemListElement":[{"@type":"ListItem","position":1,"name":"Home","item":"https:\/\/www.abiogen.it\/it\/"},{"@type":"ListItem","position":2,"name":"Ipovitaminosi D"}]},{"@type":"WebSite","@id":"https:\/\/www.abiogen.it\/it\/#website","url":"https:\/\/www.abiogen.it\/it\/","name":"Abiogen","description":"","potentialAction":[{"@type":"SearchAction","target":{"@type":"EntryPoint","urlTemplate":"https:\/\/www.abiogen.it\/it\/?s={search_term_string}"},"query-input":{"@type":"PropertyValueSpecification","valueRequired":true,"valueName":"search_term_string"}}],"inLanguage":"it-IT"}]}},"_links":{"self":[{"href":"https:\/\/www.abiogen.it\/it\/wp-json\/wp\/v2\/pages\/3637","targetHints":{"allow":["GET"]}}],"collection":[{"href":"https:\/\/www.abiogen.it\/it\/wp-json\/wp\/v2\/pages"}],"about":[{"href":"https:\/\/www.abiogen.it\/it\/wp-json\/wp\/v2\/types\/page"}],"author":[{"embeddable":true,"href":"https:\/\/www.abiogen.it\/it\/wp-json\/wp\/v2\/users\/1"}],"replies":[{"embeddable":true,"href":"https:\/\/www.abiogen.it\/it\/wp-json\/wp\/v2\/comments?post=3637"}],"version-history":[{"count":7,"href":"https:\/\/www.abiogen.it\/it\/wp-json\/wp\/v2\/pages\/3637\/revisions"}],"predecessor-version":[{"id":5015,"href":"https:\/\/www.abiogen.it\/it\/wp-json\/wp\/v2\/pages\/3637\/revisions\/5015"}],"wp:attachment":[{"href":"https:\/\/www.abiogen.it\/it\/wp-json\/wp\/v2\/media?parent=3637"}],"curies":[{"name":"wp","href":"https:\/\/api.w.org\/{rel}","templated":true}]}}