{"id":3658,"date":"2023-05-26T12:41:41","date_gmt":"2023-05-26T10:41:41","guid":{"rendered":"https:\/\/www.abiogen.it\/?page_id=3658"},"modified":"2025-07-22T12:36:26","modified_gmt":"2025-07-22T10:36:26","slug":"respiratorio","status":"publish","type":"page","link":"https:\/\/www.abiogen.it\/it\/respiratorio\/","title":{"rendered":"Respiratorio"},"content":{"rendered":"<section data-bb-version=\"4.5.6\" id=\"bt_bb_section69d61936ae4cb\" class=\"bt_bb_section bt_bb_layout_boxed_1200 bt_bb_vertical_align_top bt_bb_top_spacing_normal bt_bb_bottom_spacing_large\"  data-bt-override-class=\"{&quot;bt_bb_top_spacing_&quot;:{&quot;current_class&quot;:&quot;bt_bb_top_spacing_normal&quot;,&quot;def&quot;:&quot;normal&quot;},&quot;bt_bb_bottom_spacing_&quot;:{&quot;current_class&quot;:&quot;bt_bb_bottom_spacing_large&quot;,&quot;def&quot;:&quot;large&quot;}}\"><div class=\"bt_bb_port\"><div class=\"bt_bb_cell\"><div class=\"bt_bb_cell_inner\"><div data-bb-version=\"4.5.6\" class=\"bt_bb_row \"  data-bt-override-class=\"{}\"><div class=\"bt_bb_row_holder\" ><div data-bb-version=\"4.6.1\"  class=\"bt_bb_column col-xxl-1 col-xl-1 col-xs-3 col-sm-3 col-md-3 col-lg-1 padding-right-0 bt_bb_vertical_align_top bt_bb_align_left bt_bb_padding_normal bt_bb_details-color_white\" style=\"; --column-width:1;\" data-width=\"1\" data-bt-override-class=\"{&quot;bt_bb_align_&quot;:{&quot;current_class&quot;:&quot;bt_bb_align_left&quot;,&quot;def&quot;:&quot;left&quot;},&quot;bt_bb_padding_&quot;:{&quot;current_class&quot;:&quot;bt_bb_padding_normal&quot;,&quot;def&quot;:&quot;normal&quot;}}\"><div class=\"bt_bb_column_content\"><div class=\"bt_bb_column_content_inner\"><div data-bb-version=\"4.6.1\" class=\"bt_bb_image ico-teraphy bt_bb_shape_square bt_bb_target_self bt_bb_align_inherit bt_bb_hover_style_simple bt_bb_content_display_always bt_bb_content_align_middle\" data-bt-override-class=\"{&quot;bt_bb_align_&quot;:{&quot;current_class&quot;:&quot;bt_bb_align_inherit&quot;,&quot;def&quot;:&quot;inherit&quot;}}\"><span><img loading=\"lazy\" decoding=\"async\" width=\"100\" height=\"99\" src=\"https:\/\/www.abiogen.it\/wp-content\/uploads\/2023\/07\/respiratorio-ico-min.jpg\" class=\"attachment-full size-full\" alt=\"https:\/\/www.abiogen.it\/wp-content\/uploads\/2023\/07\/respiratorio-ico-min.jpg\" data-full_image_src=\"https:\/\/www.abiogen.it\/wp-content\/uploads\/2023\/07\/respiratorio-ico-min.jpg\" title=\"respiratorio-ico-min\" \/><\/span><\/div><\/div><\/div><\/div><div data-bb-version=\"4.5.6\"  class=\"bt_bb_column col-xxl-11 col-xl-11 col-xs-9 col-sm-9 col-md-9 col-lg-11 bt_bb_vertical_align_top bt_bb_align_left bt_bb_padding_normal\" style=\"; --column-width:11;\" data-width=\"11\" data-bt-override-class=\"{}\"><div class=\"bt_bb_column_content\"><div class=\"bt_bb_column_content_inner\"><header data-bb-version=\"5.2.5\" class=\"bt_bb_headline bt_bb_dash_none bt_bb_size_inherit bt_bb_align_inherit\" data-bt-override-class=\"{&quot;bt_bb_size_&quot;:{&quot;current_class&quot;:&quot;bt_bb_size_inherit&quot;,&quot;def&quot;:&quot;inherit&quot;},&quot;bt_bb_align_&quot;:{&quot;current_class&quot;:&quot;bt_bb_align_inherit&quot;,&quot;def&quot;:&quot;inherit&quot;},&quot;bt_bb_animation_&quot;:{&quot;current_class&quot;:&quot;bt_bb_animation_no_animation&quot;,&quot;def&quot;:&quot;no_animation&quot;}}\"><h2 class=\"bt_bb_headline_tag\"><span class=\"bt_bb_headline_content\"><span>Abiogen Pharma: attiva nell\u2019area respiratoria fin dalle origini<\/span><\/span><\/h2><\/header><div data-bb-version=\"4.6.1\" class=\"bt_bb_separator bt_bb_border_style_none bt_bb_border_color_none bt_bb_top_spacing_none bt_bb_bottom_spacing_small\" data-bt-override-class=\"{&quot;bt_bb_top_spacing_&quot;:{&quot;current_class&quot;:&quot;bt_bb_top_spacing_none&quot;,&quot;def&quot;:&quot;none&quot;},&quot;bt_bb_bottom_spacing_&quot;:{&quot;current_class&quot;:&quot;bt_bb_bottom_spacing_small&quot;,&quot;def&quot;:&quot;small&quot;}}\"><\/div><div data-bb-version=\"4.5.6\"  class=\"bt_bb_text\" ><\/p>\n<p>Gi\u00e0 dagli esordi, Abiogen Pharma opera nell\u2019area respiratoria, proponendo a medici generici e specialisti quali otorino, pneumologo e pediatra, soluzioni nella gestione delle infezioni respiratorie.<\/p>\n<p>\n<\/div><div data-bb-version=\"4.6.1\" class=\"bt_bb_separator bt_bb_border_style_none bt_bb_border_color_none bt_bb_top_spacing_none bt_bb_bottom_spacing_normal\" data-bt-override-class=\"{&quot;bt_bb_top_spacing_&quot;:{&quot;current_class&quot;:&quot;bt_bb_top_spacing_none&quot;,&quot;def&quot;:&quot;none&quot;},&quot;bt_bb_bottom_spacing_&quot;:{&quot;current_class&quot;:&quot;bt_bb_bottom_spacing_normal&quot;,&quot;def&quot;:&quot;normal&quot;}}\"><\/div><header data-bb-version=\"4.6.1\" class=\"bt_bb_headline bt_bb_subheadline_text_transform_default bt_bb_dash_none bt_bb_size_inherit bt_bb_align_inherit\" data-bt-override-class=\"{&quot;bt_bb_size_&quot;:{&quot;current_class&quot;:&quot;bt_bb_size_inherit&quot;,&quot;def&quot;:&quot;inherit&quot;},&quot;bt_bb_align_&quot;:{&quot;current_class&quot;:&quot;bt_bb_align_inherit&quot;,&quot;def&quot;:&quot;inherit&quot;}}\"><h2 class=\"bt_bb_headline_tag\"><span class=\"bt_bb_headline_content\"><span>Le infezioni delle vie respiratorie<\/span><\/span><\/h2><\/header><div data-bb-version=\"4.6.1\" class=\"bt_bb_separator bt_bb_border_style_none bt_bb_border_color_none bt_bb_top_spacing_none bt_bb_bottom_spacing_small\" data-bt-override-class=\"{&quot;bt_bb_top_spacing_&quot;:{&quot;current_class&quot;:&quot;bt_bb_top_spacing_none&quot;,&quot;def&quot;:&quot;none&quot;},&quot;bt_bb_bottom_spacing_&quot;:{&quot;current_class&quot;:&quot;bt_bb_bottom_spacing_small&quot;,&quot;def&quot;:&quot;small&quot;}}\"><\/div><div data-bb-version=\"4.5.6\"  class=\"bt_bb_text\" ><\/p>\n<p><strong>Le infezioni respiratorie<\/strong>, sia <strong>acute<\/strong> che <strong>croniche<\/strong>, sono estremamente frequenti sia negli adulti che nei bambini. Queste infezioni possono essere acquisite in comunit\u00e0 o in ospedale.<\/p>\n<p>I pazienti non immunodepressi e quelli immunodepressi possono sviluppare tali problemi di salute, sebbene la prevalenza sia pi\u00f9 elevata in quest&#8217;ultimo gruppo. <strong>L\u2019agente patogeno causale pu\u00f2 essere virale, batterico, fungino o parassitario<\/strong>. Negli ultimi anni, il ruolo dei virus respiratori \u00e8 diventato sempre pi\u00f9 dominante.<\/p>\n<p>Le infezioni respiratorie sono particolarmente temibili tra gli anziani, a causa della fragilit\u00e0 e delle patologie croniche associate a questa fascia di et\u00e0. Inoltre <strong>le persone in et\u00e0 avanzata hanno una maggiore suscettibilit\u00e0 alle infezioni<\/strong> e mostrano un aumento della mortalit\u00e0 e della morbilit\u00e0 poich\u00e9 la capacit\u00e0 del sistema immunitario di combattere le infezioni diminuisce con l&#8217;et\u00e0.<\/p>\n<p>\n<\/div><div data-bb-version=\"4.6.1\" class=\"bt_bb_separator bt_bb_border_style_none bt_bb_border_color_none bt_bb_top_spacing_none bt_bb_bottom_spacing_normal\" data-bt-override-class=\"{&quot;bt_bb_top_spacing_&quot;:{&quot;current_class&quot;:&quot;bt_bb_top_spacing_none&quot;,&quot;def&quot;:&quot;none&quot;},&quot;bt_bb_bottom_spacing_&quot;:{&quot;current_class&quot;:&quot;bt_bb_bottom_spacing_normal&quot;,&quot;def&quot;:&quot;normal&quot;}}\"><\/div><header data-bb-version=\"4.6.1\" class=\"bt_bb_headline bt_bb_subheadline_text_transform_default bt_bb_dash_none bt_bb_size_inherit bt_bb_align_inherit\" data-bt-override-class=\"{&quot;bt_bb_size_&quot;:{&quot;current_class&quot;:&quot;bt_bb_size_inherit&quot;,&quot;def&quot;:&quot;inherit&quot;},&quot;bt_bb_align_&quot;:{&quot;current_class&quot;:&quot;bt_bb_align_inherit&quot;,&quot;def&quot;:&quot;inherit&quot;}}\"><h2 class=\"bt_bb_headline_tag\"><span class=\"bt_bb_headline_content\"><span>Le infezioni delle vie respiratorie superiori<\/span><\/span><\/h2><\/header><div data-bb-version=\"4.6.1\" class=\"bt_bb_separator bt_bb_border_style_none bt_bb_border_color_none bt_bb_top_spacing_none bt_bb_bottom_spacing_small\" data-bt-override-class=\"{&quot;bt_bb_top_spacing_&quot;:{&quot;current_class&quot;:&quot;bt_bb_top_spacing_none&quot;,&quot;def&quot;:&quot;none&quot;},&quot;bt_bb_bottom_spacing_&quot;:{&quot;current_class&quot;:&quot;bt_bb_bottom_spacing_small&quot;,&quot;def&quot;:&quot;small&quot;}}\"><\/div><div data-bb-version=\"4.5.6\"  class=\"bt_bb_text\" ><\/p>\n<p>Le infezioni delle vie respiratorie superiori si localizzano nel tratto respiratorio superiore, definito come bocca, naso, gola, laringe (scatola vocale) e trachea (trachea). Esse possono essere una delle seguenti condizioni:<\/p>\n<ul>\n<li>Rinofaringite (raffreddore comune)<\/li>\n<li>Sinusite<\/li>\n<li>Faringite<\/li>\n<li>Laringite<\/li>\n<li>Laringotracheite<\/li>\n<\/ul>\n<p>Sebbene le infezioni delle vie respiratorie superiori possano verificarsi in qualsiasi momento,<strong> sono pi\u00f9 comuni nei mesi autunnali e invernali<\/strong>, da settembre a marzo, perch\u00e9 questi sono i mesi scolastici in cui i bambini e gli adolescenti trascorrono molto tempo in gruppo e al chiuso.<\/p>\n<p>\n<\/div><div data-bb-version=\"4.6.1\" class=\"bt_bb_separator bt_bb_border_style_none bt_bb_border_color_none bt_bb_top_spacing_none bt_bb_bottom_spacing_normal\" data-bt-override-class=\"{&quot;bt_bb_top_spacing_&quot;:{&quot;current_class&quot;:&quot;bt_bb_top_spacing_none&quot;,&quot;def&quot;:&quot;none&quot;},&quot;bt_bb_bottom_spacing_&quot;:{&quot;current_class&quot;:&quot;bt_bb_bottom_spacing_normal&quot;,&quot;def&quot;:&quot;normal&quot;}}\"><\/div><header data-bb-version=\"4.6.1\" class=\"bt_bb_headline bt_bb_subheadline_text_transform_default bt_bb_dash_none bt_bb_size_inherit bt_bb_align_inherit\" data-bt-override-class=\"{&quot;bt_bb_size_&quot;:{&quot;current_class&quot;:&quot;bt_bb_size_inherit&quot;,&quot;def&quot;:&quot;inherit&quot;},&quot;bt_bb_align_&quot;:{&quot;current_class&quot;:&quot;bt_bb_align_inherit&quot;,&quot;def&quot;:&quot;inherit&quot;}}\"><h2 class=\"bt_bb_headline_tag\"><span class=\"bt_bb_headline_content\"><span>Le infezioni delle vie respiratorie inferiori<\/span><\/span><\/h2><\/header><div data-bb-version=\"4.6.1\" class=\"bt_bb_separator bt_bb_border_style_none bt_bb_border_color_none bt_bb_top_spacing_none bt_bb_bottom_spacing_small\" data-bt-override-class=\"{&quot;bt_bb_top_spacing_&quot;:{&quot;current_class&quot;:&quot;bt_bb_top_spacing_none&quot;,&quot;def&quot;:&quot;none&quot;},&quot;bt_bb_bottom_spacing_&quot;:{&quot;current_class&quot;:&quot;bt_bb_bottom_spacing_small&quot;,&quot;def&quot;:&quot;small&quot;}}\"><\/div><div data-bb-version=\"4.5.6\"  class=\"bt_bb_text\" ><\/p>\n<p>Le infezioni delle vie respiratorie inferiori comprendono la <strong>bronchite acuta, l&#8217;influenza, la polmonite acquisita in comunit\u00e0, l&#8217;esacerbazione acuta della BPCO e l&#8217;esacerbazione acuta delle bronchiectasie.<\/strong><\/p>\n<p><strong>Sono una delle principali cause di morte in tutto il mondo<\/strong> e spesso colpiscono i pi\u00f9 vulnerabili: bambini, anziani e poveri. I medici che si prendono cura di pazienti con infezioni delle vie respiratorie inferiori devono affrontare diverse sfide, tra cui una popolazione crescente di pazienti con immunosoppressione.<\/p>\n<p>\n<\/div><\/div><\/div><\/div><\/div><\/div><\/div><!-- cell_inner --><\/div><!-- cell --><\/div><!-- port --><\/section>\n","protected":false},"excerpt":{"rendered":"","protected":false},"author":1,"featured_media":0,"parent":0,"menu_order":0,"comment_status":"closed","ping_status":"closed","template":"","meta":{"_acf_changed":false,"footnotes":""},"class_list":["post-3658","page","type-page","status-publish","hentry"],"acf":[],"yoast_head":"<!-- This site is optimized with the Yoast SEO plugin v27.3 - https:\/\/yoast.com\/product\/yoast-seo-wordpress\/ -->\n<title>Respiratorio - Abiogen<\/title>\n<meta name=\"robots\" content=\"index, follow, max-snippet:-1, max-image-preview:large, max-video-preview:-1\" \/>\n<link rel=\"canonical\" href=\"https:\/\/www.abiogen.it\/it\/respiratorio\/\" \/>\n<meta property=\"og:locale\" content=\"it_IT\" \/>\n<meta property=\"og:type\" content=\"article\" \/>\n<meta property=\"og:title\" content=\"Respiratorio - Abiogen\" \/>\n<meta property=\"og:url\" content=\"https:\/\/www.abiogen.it\/it\/respiratorio\/\" \/>\n<meta property=\"og:site_name\" content=\"Abiogen\" \/>\n<meta property=\"article:modified_time\" content=\"2025-07-22T10:36:26+00:00\" \/>\n<meta property=\"og:image\" content=\"https:\/\/www.abiogen.it\/wp-content\/uploads\/2023\/07\/logo-abiogen-social-min.jpg\" \/>\n\t<meta property=\"og:image:width\" content=\"1200\" \/>\n\t<meta property=\"og:image:height\" content=\"765\" \/>\n\t<meta property=\"og:image:type\" content=\"image\/jpeg\" \/>\n<meta name=\"twitter:card\" content=\"summary_large_image\" \/>\n<meta name=\"twitter:label1\" content=\"Tempo di lettura stimato\" \/>\n\t<meta name=\"twitter:data1\" content=\"4 minuti\" \/>\n<!-- \/ Yoast SEO plugin. -->","yoast_head_json":{"title":"Respiratorio - Abiogen","robots":{"index":"index","follow":"follow","max-snippet":"max-snippet:-1","max-image-preview":"max-image-preview:large","max-video-preview":"max-video-preview:-1"},"canonical":"https:\/\/www.abiogen.it\/it\/respiratorio\/","og_locale":"it_IT","og_type":"article","og_title":"Respiratorio - Abiogen","og_url":"https:\/\/www.abiogen.it\/it\/respiratorio\/","og_site_name":"Abiogen","article_modified_time":"2025-07-22T10:36:26+00:00","og_image":[{"width":1200,"height":765,"url":"https:\/\/www.abiogen.it\/wp-content\/uploads\/2023\/07\/logo-abiogen-social-min.jpg","type":"image\/jpeg"}],"twitter_card":"summary_large_image","twitter_misc":{"Tempo di lettura stimato":"4 minuti"},"schema":{"@context":"https:\/\/schema.org","@graph":[{"@type":"WebPage","@id":"https:\/\/www.abiogen.it\/it\/respiratorio\/","url":"https:\/\/www.abiogen.it\/it\/respiratorio\/","name":"Respiratorio - Abiogen","isPartOf":{"@id":"https:\/\/www.abiogen.it\/it\/#website"},"datePublished":"2023-05-26T10:41:41+00:00","dateModified":"2025-07-22T10:36:26+00:00","breadcrumb":{"@id":"https:\/\/www.abiogen.it\/it\/respiratorio\/#breadcrumb"},"inLanguage":"it-IT","potentialAction":[{"@type":"ReadAction","target":["https:\/\/www.abiogen.it\/it\/respiratorio\/"]}]},{"@type":"BreadcrumbList","@id":"https:\/\/www.abiogen.it\/it\/respiratorio\/#breadcrumb","itemListElement":[{"@type":"ListItem","position":1,"name":"Home","item":"https:\/\/www.abiogen.it\/it\/"},{"@type":"ListItem","position":2,"name":"Respiratorio"}]},{"@type":"WebSite","@id":"https:\/\/www.abiogen.it\/it\/#website","url":"https:\/\/www.abiogen.it\/it\/","name":"Abiogen","description":"","potentialAction":[{"@type":"SearchAction","target":{"@type":"EntryPoint","urlTemplate":"https:\/\/www.abiogen.it\/it\/?s={search_term_string}"},"query-input":{"@type":"PropertyValueSpecification","valueRequired":true,"valueName":"search_term_string"}}],"inLanguage":"it-IT"}]}},"_links":{"self":[{"href":"https:\/\/www.abiogen.it\/it\/wp-json\/wp\/v2\/pages\/3658","targetHints":{"allow":["GET"]}}],"collection":[{"href":"https:\/\/www.abiogen.it\/it\/wp-json\/wp\/v2\/pages"}],"about":[{"href":"https:\/\/www.abiogen.it\/it\/wp-json\/wp\/v2\/types\/page"}],"author":[{"embeddable":true,"href":"https:\/\/www.abiogen.it\/it\/wp-json\/wp\/v2\/users\/1"}],"replies":[{"embeddable":true,"href":"https:\/\/www.abiogen.it\/it\/wp-json\/wp\/v2\/comments?post=3658"}],"version-history":[{"count":8,"href":"https:\/\/www.abiogen.it\/it\/wp-json\/wp\/v2\/pages\/3658\/revisions"}],"predecessor-version":[{"id":16726,"href":"https:\/\/www.abiogen.it\/it\/wp-json\/wp\/v2\/pages\/3658\/revisions\/16726"}],"wp:attachment":[{"href":"https:\/\/www.abiogen.it\/it\/wp-json\/wp\/v2\/media?parent=3658"}],"curies":[{"name":"wp","href":"https:\/\/api.w.org\/{rel}","templated":true}]}}