{"id":3816,"date":"2023-06-06T16:27:56","date_gmt":"2023-06-06T14:27:56","guid":{"rendered":"https:\/\/www.abiogen.it\/?page_id=3816"},"modified":"2024-02-16T09:36:53","modified_gmt":"2024-02-16T08:36:53","slug":"termini-condizioni","status":"publish","type":"page","link":"https:\/\/www.abiogen.it\/it\/termini-condizioni\/","title":{"rendered":"Termini e condizioni d&#8217;uso"},"content":{"rendered":"<section data-bb-version=\"4.5.6\" id=\"bt_bb_section69e1f897b9845\" class=\"bt_bb_section bt_bb_layout_boxed_1200\"  data-bt-override-class=\"null\"><div class=\"bt_bb_port\"><div class=\"bt_bb_cell\"><div class=\"bt_bb_cell_inner\"><div class=\"bt_bb_row \"  data-bt-override-class=\"{}\"><div class=\"bt_bb_row_holder\" ><div data-bb-version=\"4.5.6\"  class=\"bt_bb_column col-xxl-12 col-xl-12 col-xs-12 col-sm-12 col-md-12 col-lg-12 bt_bb_vertical_align_top bt_bb_align_left bt_bb_padding_normal\" style=\"; --column-width:12;\" data-width=\"12\" data-bt-override-class=\"{}\"><div class=\"bt_bb_column_content\"><div class=\"bt_bb_column_content_inner\"><div data-bb-version=\"4.5.6\"  class=\"bt_bb_text\" ><\/p>\n<p>L&#8217;accesso, la navigazione, la consultazione del sito <a href=\"http:\/\/www.abiogen.it\/\">www.abiogen.it<\/a>, cos\u00ec come , lo scaricamento e qualsiasi forma di uso dei suoi contenuti sono soggetti ai Termini e Condizioni generali di utilizzo previste in questo documento e alle normative vigenti ed applicabili.<\/p>\n<p><strong>L&#8217;accesso e la consultazione del presente sito implicano pertanto l&#8217;accettazione incondizionata dei Termini e Condizioni <\/strong>nella versione pi\u00f9 aggiornato pubblicata nella presente pagina del Sito. Abiogen Pharma S.p.a. si riserva di modificare ed aggiornare periodicamente i Termini e le Condizioni generali di utilizzo del Sito: in questo caso le modifiche diventano efficaci e vincolanti per gli Utenti del Sito a partire dal giorno in cui esse vengono pubblicate sul sito. Gli Utenti sono invitati a consultare periodicamente questa pagina web per prendere conoscenza di tali modifiche. Qualora Abiogen Pharma S.p.a. ravvisasse in un qualsiasi comportamento tenuto dagli Utenti una violazione dei presenti Termini e Condizioni, essa si riserva di adottare nei confronti di tali Utenti, senza preavviso, ogni azione che ritenga, a suo insindacabile giudizio, opportuna. I testi, le informazioni, gli altri dati pubblicati in questo sito nonch\u00e9 gli eventuali link ad altri siti presenti sul web hanno esclusivamente scopo informativo e non assumono alcun carattere di ufficialit\u00e0. Abiogen Pharma S.p.a. non assume alcuna responsabilit\u00e0 per eventuali errori od omissioni di qualsiasi tipo e per qualunque tipo di danno diretto, indiretto o accidentale derivante dalla lettura o dall\u2019impiego delle informazioni pubblicate, o di qualsiasi forma di contenuto presente nel sito.<\/p>\n<p><strong>Il <\/strong><strong>sito www.abiogen.it \u00e8 finalizzato all&#8217;utilizzo e alla consultazione da parte di persone maggiorenni. Non verranno prese in considerazione eventuali richieste da parte di soggetti minori. <\/strong><\/p>\n<p><strong>1. Propriet\u00e0 del sito. <\/strong>Questo sito \u00e8 registrato a nome di Abiogen Pharma S.p.a., con sede legale a Pisa, Via Meucci 36, loc. Ospedaletto, 56121, C.F. 05200381001, P. IVA. 01466740501, Numero Iscrizione Registro Imprese di Pisa 05200381001, c.s. \u20ac 15.000.000 i.v. che ne \u00e8 la proprietaria.<\/p>\n<p><strong>2. Finalit\u00e0. <\/strong>Questo Sito \u00e8 stato progettato e realizzato quale piattaforma di comunicazione con gli utenti interessati ad informazioni riguardanti la Societ\u00e0 Abiogen Pharma S.p.a. e le sue attivit\u00e0. Nell\u2019ambito dei contenuti pubblicati da Abiogen Pharma S.p.a. su questo Sito \u00e8 possibile reperire sia informazioni destinate alla generalit\u00e0 degli utenti sia informazioni destinate ad operatori sanitari (Medici e Farmacisti), disponibili solo su apposita area ad accesso riservato soggetta a preventiva registrazione ed identificazione. I contenuti del Sito non hanno finalit\u00e0 promozionali n\u00e9 possono in alcun modo essere interpretati come offerta o sollecitazione alla prescrizione, alla fornitura, all&#8217;acquisto o al commercio dei prodotti di Abiogen Pharma S.p.a. Le informazioni presente sul sito relative alle aree terapeutiche nelle quali Abiogen Pharma S.p.a. \u00e8 presente con le sue attivit\u00e0 e con i suoi prodotti hanno scopo puramente informativo non intendono fornire consigli e\/o indicazioni di natura sanitaria, diagnostica, prescrittiva o terapeutica, n\u00e9 possono essere interpretate in tal senso.<\/p>\n<p><strong>L\u2019Utente \u00e8 invitato a rivolgersi sempre esclusivamente al proprio medico di fiducia per informazione attinente la salute e per ogni necessit\u00e0 di diagnosi e per individuare i percorsi terapeutici appropriati al caso specifico.<\/strong><\/p>\n<p><strong>3<\/strong><strong>. Impegno degli Utenti. <\/strong><strong>Gli Utenti riconoscono che l&#8217;accesso e la navigazione del Sito Web, cos\u00ec come l\u2019uso delle informazioni che ne costituiscono i Contenuti, sono soggetti alla loro esclusiva responsabilit\u00e0.<\/strong><\/p>\n<p>Nella navigazione delle pagine di questo Sito gli Utenti accettano e si impegnano a rispettare: a) tutti i Termini e le Condizioni prescritte dal presente documento informatico ed ogni altra Condizione particolare che fosse prevista in qualsiasi pagina del Sito medesimo; b) tutte le disposizioni di legge vigenti ed applicabili; c) le regole di buona educazione dell\u2019Utente di Internet (c.d. regole della <em>netiquette<\/em>). Gli Utenti si impegnano a tenere indenne Abiogen Pharma S.p.a. per tutti i reclami, danni, responsabilit\u00e0, procedimenti giudiziari e per qualsiasi altra conseguenza pregiudizievole derivante dall&#8217;utilizzo improprio da parte degli Utenti dei Contenuti del presente Sito. Ogni e qualsiasi eventuale dichiarazione degli Utenti che le Societ\u00e0 del Gruppo Abiogen Pharma dovesse accertare essere falsa, reticente o mendace sar\u00e0 perseguita con denuncia all\u2019Autorit\u00e0 competente, ai sensi e per gli effetti del Codice Penale e delle altre norme applicabili, salvi in ogni caso tutti i diritti di Abiogen Pharma S.p.a., incluso quello al risarcimento dei danni. Lo scaricamento, la visualizzazione e la stampa delle informazioni da questo sito \u00e8 consentito esclusivamente per utilizzo a titolo personale. \u00c8 comunque vietato qualsiasi utilizzo del contenuto del presente sito per finalit\u00e0 non personali o commerciali in assenza di consenso scritto da parte di Abiogen Pharma S.p.A.<\/p>\n<p><strong>4. Aggiornamento, sicurezza informatica e limitazioni di responsabilit\u00e0.<\/strong> Abiogen Pharma S.p.a. si riserva il diritto di modificare il Sito Web in qualsiasi momento e senza alcun preavviso. Nonostante Abiogen Pharma S.p.A. si adoperi per inserire nel sito informazioni accurate ed aggiornate e per curare la sicurezza informatica del Sito, non \u00e8 possibile fornire alcuna garanzia sul contenuto del sito, che deve essere quindi opportunamente valutato dall\u2019Utente, e sulle conseguenze del suo utilizzo. Sebbene Abiogen Pharma S.p.a abbia redatto i contenuti del Sito al meglio delle sue attuali conoscenze e con diligenza professionale, essa non si assume alcuna responsabilit\u00e0 in relazione ad eventuali imprecisioni, incongruenze, incompletezze o errori eventualmente presenti sul Sito. Le informazioni presenti nel sito potrebbero contenere errori tecnici o tipografici. Abiogen Pharma S.p.A. si riserva il diritto di apportare in ogni momento e senza preavviso modifiche, correzioni e miglioramenti alle predette informazioni, ai prodotti e ai programmi descritti dalle stesse Abiogen Pharma S.p.A. non assume pertanto responsabilit\u00e0 di alcun genere con riferimento all&#8217;utilizzo del sito ed al suo contenuto. N\u00e9 Abiogen Pharma S.p.a., n\u00e9 alcun terzo eventualmente coinvolto nella creazione, realizzazione e pubblicazione del Sito possono essere ritenuti responsabili in alcun modo, n\u00e9 per alcun danno diretto, incidentale, conseguente o indiretto che deriva dall&#8217;accesso, uso o mancato uso del Sito medesimo o di ogni altro ad esso collegato, o di qualunque errore od omissione presente nei contenuti. In particolare, a titolo esemplificativo e non esaustivo, Abiogen Pharma S.p.A. non sar\u00e0 responsabile per difetti di accuratezza, aggiornamento, completezza, adeguatezza, tempestivit\u00e0 delle informazioni contenute nel sito n\u00e9 per eventuali danni o virus che possano colpire l&#8217;attrezzatura informatica o altra propriet\u00e0 dell\u2019Utente in conseguenza dell&#8217;accesso, dell&#8217;utilizzo o della navigazione nel sito o dello scaricamento di materiali, dati, testi, immagini, video o audio del sito. Abiogen Pharma S.p.A. si riserva il diritto di interrompere o sospendere in qualsiasi momento le funzionalit\u00e0 del sito senza che ne derivi l&#8217;assunzione di alcuna responsabilit\u00e0 a proprio carico, sia ci\u00f2 avvenga in conseguenza di azioni od omissioni di Abiogen Pharma S.p.A., sia di terze parti.<\/p>\n<p><strong>5. Link.<\/strong> Nel Sito possono essere presenti collegamenti (link) ad altri siti di terze parti ritenuti di interesse per il visitatore. Con il collegamento (link) a tali siti, si esce dal sito Abiogen Pharma S.p.A. per libera scelta e senza alcuna costrizione. Le informazioni contenute possono non essere in linea con le disposizioni di legge italiane ed in particolare con quelle del D. Lgs. 219\/2006 che regola la pubblicit\u00e0 dei medicinali per uso umano e sono comunque del tutto indipendenti e fuori dal controllo di Abiogen Pharma S.p.A. che non si assume alcuna responsabilit\u00e0 in proposito e non implicano alcuna condivisione del contenuto del sito che attiva il collegamento (link) n\u00e8 alcuna assunzione di responsabilit\u00e0 in proposito da parte di Abiogen Pharma S.p.A.<\/p>\n<p><strong>6. <\/strong><strong>Diritti d\u2019autore ed altri diritti di propriet\u00e0 intellettuale sui Contenuti e su informazioni di terzi. <\/strong>Salva espressa e specifica dichiarazione scritta di Abiogen Pharma S.p.a., tutti i Contenuti pubblicati nel Sito sono protetti, quanto all\u2019uso, riproduzione e diffusione totale o parziale, da diritti esclusivi di propriet\u00e0 intellettuale ad essa spettanti. Abiogen Pharma S.p.a. si riserva tutti i diritti su tali Contenuti, i quali potranno essere utilizzati dagli Utenti soltanto in conformit\u00e0 alle norme vigenti, alle Condizioni od alle specifiche Condizioni ulteriori previste nelle altre pagine del Sito Web con riferimento esclusivo a specifici Contenuti. In difetto dell\u2019esplicito consenso di Abiogen Pharma S.p.a, i Contenuti non possono essere riprodotti, diffusi, inoltrati e\/o trasmessi, neppure parzialmente, in alcun modo, su alcun supporto e con alcuno strumento: l\u2019eventuale riproduzione, anche parziale, di contenuti del Sito su altro sito web o web server sar\u00e0 perseguita a norma delle leggi civili e penali. E&#8217; comunque vietato, in difetto del consenso scritto da parte di Abiogen Pharma, qualsiasi uso dei Contenuti del presente Sito Web per finalit\u00e0 non strettamente personali. All\u2019Utente del Sito non \u00e8 riconosciuto alcun diritto di sfruttamento economico dei Contenuti appartenenti ad Abiogen Pharma S.p.a. o di dati, informazioni e materiali di terzi inseriti nel Sito n\u00e9 con riferimento ai marchi, brevetti, tecnologie, prodotti, processi n\u00e9 ad ogni altro diritto di propriet\u00e0 intellettuale di Abiogen Pharma S.p.a. o di terzi cui si faccia riferimento nel Sito. Abiogen Pharma S.p.A. non assume alcuna garanzia con riguardo ad eventuali violazioni di diritti di terzi da parte dei visitatori\/utenti conseguente ad utilizzo improprio del materiale contenuto nel Sito. Fatte salve le informazioni che formano oggetto del Codice per la tutela della privacy sulla rete internet, tutte le comunicazioni o il materiale eventualmente trasmesso al Sito dagli Utenti tramite posta elettronica o qualsiasi altro mezzo, inclusi, a titolo esemplificativo ma non esaustivo, i dati, le domande, i commenti, i suggerimenti e similari, saranno trattati come informazioni non confidenziali e non protette, se non diversamente indicato: Abiogen Pharma S.p.A. per effetto della trasmissione acquisisce la disponibilit\u00e0 di tutto il materiale trasmesso o inviato al Sito con ogni pi\u00f9 ampia facolt\u00e0 di utilizzo tra cui, a titolo esemplificativo ma non esaustivo, la riproduzione, la trasmissione, la pubblicazione e l&#8217;invio. Abiogen Pharma S.p.A. sar\u00e0 inoltre libera di utilizzare ogni idea, concetto, know-how o tecnica contenute nelle comunicazioni ricevute dal Sito per qualsiasi scopo incluso, a titolo esemplificativo, lo sviluppo, la produzione e la commercializzazione di prodotti sulla base di tali informazioni. 8. Protezione dei dati personali degli Utenti. Abiogen Pharma rende noto agli Utenti: a) che, in conseguenza del loro accesso nelle diverse aree e pagine del Sito, essa potr\u00e0 raccogliere i dati personali che siano riconducibili a persone identificate od identificabili; b) che i sistemi ed i programmi informatici che permettono il funzionamento del Sito raccolgono, come operazione inerente al loro normale esercizio, alcuni dati personali degli Utenti la cui raccolta \u00e8 necessaria ai fini della operativit\u00e0 dei protocolli di comunicazione nella rete Internet. Nell&#8217;ambito di tale attivit\u00e0, Abiogen Pharma potrebbe installare (anche in modo automatico) nel disco fisso del computer degli Utenti dei programmi informatici, comunemente noti come &#8220;Cookies&#8221;, tramite cui raccogliere i dati del nome di dominio di primo livello dell&#8217;Utente. I \u201ccookies\u201d, le loro caratteristiche ed il loro funzionamento sono descritti in apposita area del Sito ( <a href=\"\/it?page_id=3825\"><strong>Cookie Policy<\/strong><\/a> ).<\/p>\n<p>Durante la navigazione sul Sito Abiogen Pharma S.p.a. non raccoglie alcun dato personale degli Utenti se non con il consenso di questi, consenso che \u00e8 sempre facoltativo. L\u2019unica conseguenza dell\u2019eventuale revoca del consenso da parte degli Utenti sar\u00e0 la cessazione della prestazione dei servizi offerti da Abiogen Pharma S.p.a. tramite il Sito nei confronti di tali Utenti. La maggior parte dei dati che Abiogen Pharma raccoglie tramite il Sito sono anonimi, al pari dei dati relativi all\u2019accesso alle pagine del Sito ed alle ricerche effettuate all\u2019interno del Sito: i dati anonimi sono trattati da Abiogen Pharma all\u2019esclusiva finalit\u00e0 di migliorare i Contenuti pubblicati sul Sito, di preparare analisi statistiche, che elaborano unicamente i dati aggregati relativi alla navigazione sul Sito, e di effettuare ricerche di mercato ed analisi della funzionalit\u00e0 tecnica del Sito medesimo. La navigazione nell\u2019area pubblica del Sito non \u00e8 soggetta a registrazione: fermo quanto previsto dai presenti Termini e Condizioni per i dati personali raccolti automaticamente dai sistemi e dai programmi di funzionamento del Sito Web ed ai Cookies, tutti i Contenuti pubblicati nell\u2019area pubblica sono liberamente consultabili senza che all\u2019Utente sia richiesta la comunicazione a Abiogen Pharma S.p.a. di alcun dato personale. L\u2019accesso alle Aree Riservate \u00e8 invece soggetto alla comunicazione dei dati personali di cui ai campi previsti nel Modulo di Registrazione. Per l\u2019informativa in ordine ai dati personali ed al loro trattamento si rimanda all\u2019apposita sezione del sito <a href=\"\/it\/privacy\"><strong>Privacy<\/strong><\/a>.<\/p>\n<p>\n<\/div><\/div><\/div><\/div><\/div><\/div><\/div><!-- cell_inner --><\/div><!-- cell --><\/div><!-- port --><\/section>\n","protected":false},"excerpt":{"rendered":"","protected":false},"author":1,"featured_media":0,"parent":0,"menu_order":0,"comment_status":"closed","ping_status":"closed","template":"","meta":{"_acf_changed":false,"footnotes":""},"class_list":["post-3816","page","type-page","status-publish","hentry"],"acf":[],"yoast_head":"<!-- This site is optimized with the Yoast SEO plugin v27.3 - https:\/\/yoast.com\/product\/yoast-seo-wordpress\/ -->\n<title>Termini e condizioni d&#039;uso - Abiogen<\/title>\n<meta name=\"robots\" content=\"index, follow, max-snippet:-1, max-image-preview:large, max-video-preview:-1\" \/>\n<link rel=\"canonical\" href=\"https:\/\/www.abiogen.it\/it\/termini-condizioni\/\" \/>\n<meta property=\"og:locale\" content=\"it_IT\" \/>\n<meta property=\"og:type\" content=\"article\" \/>\n<meta property=\"og:title\" content=\"Termini e condizioni d&#039;uso - Abiogen\" \/>\n<meta property=\"og:url\" content=\"https:\/\/www.abiogen.it\/it\/termini-condizioni\/\" \/>\n<meta property=\"og:site_name\" content=\"Abiogen\" \/>\n<meta property=\"article:modified_time\" content=\"2024-02-16T08:36:53+00:00\" \/>\n<meta property=\"og:image\" content=\"https:\/\/www.abiogen.it\/wp-content\/uploads\/2023\/07\/logo-abiogen-social-min.jpg\" \/>\n\t<meta property=\"og:image:width\" content=\"1200\" \/>\n\t<meta property=\"og:image:height\" content=\"765\" \/>\n\t<meta property=\"og:image:type\" content=\"image\/jpeg\" \/>\n<meta name=\"twitter:card\" content=\"summary_large_image\" \/>\n<meta name=\"twitter:label1\" content=\"Tempo di lettura stimato\" \/>\n\t<meta name=\"twitter:data1\" content=\"12 minuti\" \/>\n<!-- \/ Yoast SEO plugin. -->","yoast_head_json":{"title":"Termini e condizioni d'uso - Abiogen","robots":{"index":"index","follow":"follow","max-snippet":"max-snippet:-1","max-image-preview":"max-image-preview:large","max-video-preview":"max-video-preview:-1"},"canonical":"https:\/\/www.abiogen.it\/it\/termini-condizioni\/","og_locale":"it_IT","og_type":"article","og_title":"Termini e condizioni d'uso - Abiogen","og_url":"https:\/\/www.abiogen.it\/it\/termini-condizioni\/","og_site_name":"Abiogen","article_modified_time":"2024-02-16T08:36:53+00:00","og_image":[{"width":1200,"height":765,"url":"https:\/\/www.abiogen.it\/wp-content\/uploads\/2023\/07\/logo-abiogen-social-min.jpg","type":"image\/jpeg"}],"twitter_card":"summary_large_image","twitter_misc":{"Tempo di lettura stimato":"12 minuti"},"schema":{"@context":"https:\/\/schema.org","@graph":[{"@type":"WebPage","@id":"https:\/\/www.abiogen.it\/it\/termini-condizioni\/","url":"https:\/\/www.abiogen.it\/it\/termini-condizioni\/","name":"Termini e condizioni d'uso - Abiogen","isPartOf":{"@id":"https:\/\/www.abiogen.it\/it\/#website"},"datePublished":"2023-06-06T14:27:56+00:00","dateModified":"2024-02-16T08:36:53+00:00","breadcrumb":{"@id":"https:\/\/www.abiogen.it\/it\/termini-condizioni\/#breadcrumb"},"inLanguage":"it-IT","potentialAction":[{"@type":"ReadAction","target":["https:\/\/www.abiogen.it\/it\/termini-condizioni\/"]}]},{"@type":"BreadcrumbList","@id":"https:\/\/www.abiogen.it\/it\/termini-condizioni\/#breadcrumb","itemListElement":[{"@type":"ListItem","position":1,"name":"Home","item":"https:\/\/www.abiogen.it\/it\/"},{"@type":"ListItem","position":2,"name":"Termini e condizioni d&#8217;uso"}]},{"@type":"WebSite","@id":"https:\/\/www.abiogen.it\/it\/#website","url":"https:\/\/www.abiogen.it\/it\/","name":"Abiogen","description":"","potentialAction":[{"@type":"SearchAction","target":{"@type":"EntryPoint","urlTemplate":"https:\/\/www.abiogen.it\/it\/?s={search_term_string}"},"query-input":{"@type":"PropertyValueSpecification","valueRequired":true,"valueName":"search_term_string"}}],"inLanguage":"it-IT"}]}},"_links":{"self":[{"href":"https:\/\/www.abiogen.it\/it\/wp-json\/wp\/v2\/pages\/3816","targetHints":{"allow":["GET"]}}],"collection":[{"href":"https:\/\/www.abiogen.it\/it\/wp-json\/wp\/v2\/pages"}],"about":[{"href":"https:\/\/www.abiogen.it\/it\/wp-json\/wp\/v2\/types\/page"}],"author":[{"embeddable":true,"href":"https:\/\/www.abiogen.it\/it\/wp-json\/wp\/v2\/users\/1"}],"replies":[{"embeddable":true,"href":"https:\/\/www.abiogen.it\/it\/wp-json\/wp\/v2\/comments?post=3816"}],"version-history":[{"count":6,"href":"https:\/\/www.abiogen.it\/it\/wp-json\/wp\/v2\/pages\/3816\/revisions"}],"predecessor-version":[{"id":6772,"href":"https:\/\/www.abiogen.it\/it\/wp-json\/wp\/v2\/pages\/3816\/revisions\/6772"}],"wp:attachment":[{"href":"https:\/\/www.abiogen.it\/it\/wp-json\/wp\/v2\/media?parent=3816"}],"curies":[{"name":"wp","href":"https:\/\/api.w.org\/{rel}","templated":true}]}}