{"id":3825,"date":"2023-06-06T16:44:51","date_gmt":"2023-06-06T14:44:51","guid":{"rendered":"https:\/\/www.abiogen.it\/?page_id=3825"},"modified":"2025-09-25T10:46:42","modified_gmt":"2025-09-25T08:46:42","slug":"cookie-policy","status":"publish","type":"page","link":"https:\/\/www.abiogen.it\/it\/cookie-policy\/","title":{"rendered":"Cookie policy"},"content":{"rendered":"<section data-bb-version=\"4.5.6\" id=\"bt_bb_section69d046c8758db\" class=\"bt_bb_section bt_bb_layout_boxed_1200\"  data-bt-override-class=\"null\"><div class=\"bt_bb_port\"><div class=\"bt_bb_cell\"><div class=\"bt_bb_cell_inner\"><div class=\"bt_bb_row \"  data-bt-override-class=\"{}\"><div class=\"bt_bb_row_holder\" ><div data-bb-version=\"4.5.6\"  class=\"bt_bb_column col-xxl-12 col-xl-12 col-xs-12 col-sm-12 col-md-12 col-lg-12 bt_bb_vertical_align_top bt_bb_align_left bt_bb_padding_normal\" style=\"; --column-width:12;\" data-width=\"12\" data-bt-override-class=\"{}\"><div class=\"bt_bb_column_content\"><div class=\"bt_bb_column_content_inner\"><div data-bb-version=\"4.5.6\"  class=\"bt_bb_text\" ><\/p>\n<p>In questa pagina si descrivono le modalit\u00e0 di gestione dei cookie presenti sul nostro sito https:\/\/www.abiogen.it. L\u2019informativa \u00e8 resa solo per il sito della Abiogen Pharma S.p.A. e non anche per altri siti web eventualmente consultati dall\u2019utente tramite link. Questa informativa integra la privacy policy presente al seguente link <a href=\"https:\/\/www.abiogen.it\/it\/privacy-policy\/\">privacy policy<\/a>.<\/p>\n<p><strong>QUALI SONO I DATI DI CONTATTO?<\/strong><\/p>\n<p><strong>Titolare del Trattamento<\/strong><\/p>\n<p>Il Titolare del trattamento \u00e8 <strong>Abiogen Pharma S.p.A., <\/strong>con sede in Ospedaletto (PI), Via Antonio Meucci n. 36, i cui dati di contatto sono: tel.: 050.3154259; e-mail: segreteria.presidenza@abiogen.it<\/p>\n<p><strong>Responsabile della Protezione dei Dati (DPO)<\/strong><\/p>\n<p>Il Responsabile della Protezione dei dati (DPO) \u00e8 l\u2019Avv. Valeria Macchia,<strong>\u00a0<\/strong>i cui dati di contatto sono i seguenti: e-mail pec: <a href=\"mailto:dpo@pec.abiogen.it\">dpo@pec.abiogen.it<\/a> e-mail:<a href=\"mailto:dpo@abiogen.it\">dpo@abiogen.it<\/a><\/p>\n<p class=\"MsoNormal\" style=\"margin-bottom: .0001pt; text-align: justify; line-height: normal;\"><strong>COSA SONO I COOKIE?<\/strong><\/p>\n<p><strong>Definizioni<\/strong><\/p>\n<p>I cookie sono stringhe di testo create da un dall\u2019applicativo web e memorizzati sul client utilizzato dall\u2019utente per accedere ad Internet (pc, smartphone, tablet, ecc.) per poi essere ritrasmessi ai successivi accessi ad Internet dell\u2019utente stesso. I cookie permettono di raccogliere informazioni sulla navigazione effettuata dall\u2019utente sui Siti, per esempio per ricordare le preferenze di lingua o la valuta utilizzata per un acquisto. I cookie possono essere memorizzati in modo permanente sul dispositivo ed avere una durata variabile (c.d. cookie persistenti), ma possono anche svanire con la chiusura del browser o avere una durata limitata (c.d. cookie di sessione). I cookie possono essere istallati dal sito che sta visitando (c.d. cookie di prima parte) o possono essere istallati da altri siti web (c.d. cookie di terze parti).<\/p>\n<p>Tecnologie similari, come, ad esempio, web beacon, GIF trasparenti e tutte le forme di storage locale introdotte con HTML5, sono utilizzabili per raccogliere informazioni sul comportamento dell\u2019utente e sull\u2019utilizzo dei servizi.<\/p>\n<p><strong>Tipologie <\/strong><\/p>\n<p>In base alle caratteristiche e all&#8217;utilizzo dei cookie possiamo distinguere diverse categorie:<\/p>\n<ul>\n<li>Cookie strettamente necessari. Si tratta di cookie indispensabili per il corretto funzionamento del Sito e sono utilizzati per gestire la sessione, il login e l&#8217;accesso alle funzioni riservate del sito. La durata dei cookie \u00e8 strettamente limitata alla sessione di lavoro (chiuso il browser vengono cancellati).<\/li>\n<li>Cookie di analisi e prestazioni. Sono cookie utilizzati per raccogliere e analizzare il traffico e l&#8217;utilizzo del sito. Questi cookie consentono, per esempio, di rilevare se il medesimo utente torna a collegarsi in momenti diversi. Permettono inoltre di monitorare il sistema e migliorarne le prestazioni e l&#8217;usabilit\u00e0. La disattivazione di tali cookie pu\u00f2 essere eseguita senza alcuna perdita di funzionalit\u00e0.<\/li>\n<li>Cookie di profilazione. Si tratta di cookie utilizzati per creare un profilo dell\u2019utente, per poi inviargli messaggi pubblicitari in linea con le preferenze manifestate dallo stesso nel corso della precedente navigazione.<\/li>\n<\/ul>\n<p><strong>Cookie di terze parti<\/strong><\/p>\n<p>Visitando un sito web si possono ricevere cookie sia dal sito visitato (\u201cproprietari\u201d), sia da siti gestiti da altre organizzazioni (\u201cterze parti\u201d). Un esempio notevole \u00e8 rappresentato dalla presenza dei \u201csocial plugin\u201d ovvero dalla integrazione delle mappe di terze parti. Si tratta di parti della pagina visitata generate direttamente dai suddetti siti ed integrati nella pagina del sito ospitante. L&#8217;utilizzo pi\u00f9 comune dei social plugin \u00e8 finalizzato alla condivisione dei contenuti sui social network, mentre quello delle mappe permette di localizzare l\u2019attivit\u00e0 secondo le coordinate geografiche stabilite.<\/p>\n<p>La presenza di questi servizi comporta la trasmissione di cookie da e verso tutti i siti gestiti da terze parti. La gestione delle informazioni raccolte da \u201cterze parti\u201d \u00e8 disciplinata dalle relative informative cui si prega di fare riferimento.<\/p>\n<p>Per maggiori informazioni sui tipi di cookie, caratteristiche e loro funzionamento \u00e8 possibile consultare i siti https:\/\/www.allaboutcookies.org, www.youronlinechoices.com, https:\/\/cookiepedia.co.uk e il nuovo provvedimento del Garante Privacy <em>Linee guida cookie e altri strumenti di tracciamento &#8211; 10 giugno 2021 (https:\/\/www.garanteprivacy.it\/home\/docweb\/-\/docweb-display\/docweb\/9677876).<\/em><\/p>\n<p><strong>QUALI COOKIE E QUALI STRUMENTI SONO PRESENTI SUL NOSTRO SITO?<\/strong><\/p>\n<p>Sul nostro sito sono presenti solamente cookie necessari tecnici o di sessione. Utilizziamo cookie per ricordare all\u2019utente la sua lingua prescelta o impostata, per registrare le preferenze sui cookie.<\/p>\n<p>L\u2019utente ha la possibilit\u00e0 bloccare o cancellare i cookie tramite la configurazione del proprio browser. Di norma questi programmi permettono anche, con apposita opzione, di bloccare specificatamente i cookie di terze parti. Ciascun browser, presenta procedure diverse per la gestione dei cookie, di seguito riportiamo il link alle istruzioni specifiche di quelli pi\u00f9 diffusi:<\/p>\n<p>Microsoft Edge: <a href=\"https:\/\/support.microsoft.com\/it-it\/help\/4027947\/microsoft-edge-delete-cookies\" target=\"_blank\" rel=\"nofollow noopener\">https: \/\/support.microsoft.com\/it-it\/help\/4027947\/microsoft-edge-delete-cookies<\/a><\/p>\n<p>Google Chrome: https:\/\/support.google.com\/accounts\/answer\/61416?hl=ithttps:\/\/support.apple.com\/kb\/HT1677?viewlocale=it_IT<\/p>\n<p>Mozilla Firefox: https:\/\/support.mozilla.org\/it\/kb\/Attivare%20e%20disattivare%20i%20cookie<\/p>\n<p>Ricordiamo inoltre che, disabilitando completamente i cookie nel browser, l\u2019utente potrebbe non essere in grado di utilizzare tutte le funzionalit\u00e0 interattive.<\/p>\n<p><strong>QUALI SONO I DESTINATARI DEI DATI?<\/strong><\/p>\n<p>I trattamenti connessi ai servizi web di questo sito hanno luogo presso la predetta sede del Titolare e sono curati solo da personale appositamente designato incaricato del trattamento. In caso di necessit\u00e0, i dati possono essere trattati dal personale della societ\u00e0 che cura la manutenzione della parte tecnologica del sito.<\/p>\n<p>In questa pagina si descrivono le modalit\u00e0 di gestione dei cookie presenti sul nostro sito https:\/\/www.abiogen.it. L\u2019informativa \u00e8 resa solo per il sito della Abiogen Pharma S.p.A. e non anche per altri siti web eventualmente consultati dall\u2019utente tramite link. Questa informativa integra la privacy policy presente al seguente link <a href=\"https:\/\/www.abiogen.it\/it\/privacy-policy\/\">privacy policy<\/a><\/p>\n<p>\n<\/div><div data-bb-version=\"4.7.5\"  class=\"bt_bb_text\" ><\/p>\n<p><script\n\t\ttype=\"text\/javascript\"\n\t\tid=\"CookieDeclaration\"\n\t\tsrc=\"https:\/\/consent.cookiebot.com\/48f6c129-0696-4bc6-a6c6-ef081d92ae7a\/cd.js\"\n\t\t\tdata-culture=\"IT\"\n\t\tasync><\/script>\n<\/p>\n<p>\n<\/div><\/div><\/div><\/div><\/div><\/div><\/div><!-- cell_inner --><\/div><!-- cell --><\/div><!-- port --><\/section>\n","protected":false},"excerpt":{"rendered":"","protected":false},"author":1,"featured_media":0,"parent":0,"menu_order":0,"comment_status":"closed","ping_status":"closed","template":"","meta":{"_acf_changed":false,"footnotes":""},"class_list":["post-3825","page","type-page","status-publish","hentry"],"acf":[],"yoast_head":"<!-- This site is optimized with the Yoast SEO plugin v25.8 - https:\/\/yoast.com\/wordpress\/plugins\/seo\/ -->\n<title>Cookie policy - Abiogen<\/title>\n<meta name=\"robots\" content=\"index, follow, max-snippet:-1, max-image-preview:large, max-video-preview:-1\" \/>\n<link rel=\"canonical\" href=\"https:\/\/www.abiogen.it\/it\/cookie-policy\/\" \/>\n<meta property=\"og:locale\" content=\"it_IT\" \/>\n<meta property=\"og:type\" content=\"article\" \/>\n<meta property=\"og:title\" content=\"Cookie policy - Abiogen\" \/>\n<meta property=\"og:url\" content=\"https:\/\/www.abiogen.it\/it\/cookie-policy\/\" \/>\n<meta property=\"og:site_name\" content=\"Abiogen\" \/>\n<meta property=\"article:modified_time\" content=\"2025-09-25T08:46:42+00:00\" \/>\n<meta property=\"og:image\" content=\"https:\/\/www.abiogen.it\/wp-content\/uploads\/2023\/07\/logo-abiogen-social-min.jpg\" \/>\n\t<meta property=\"og:image:width\" content=\"1200\" \/>\n\t<meta property=\"og:image:height\" content=\"765\" \/>\n\t<meta property=\"og:image:type\" content=\"image\/jpeg\" \/>\n<meta name=\"twitter:card\" content=\"summary_large_image\" \/>\n<meta name=\"twitter:label1\" content=\"Tempo di lettura stimato\" \/>\n\t<meta name=\"twitter:data1\" content=\"9 minuti\" \/>\n<!-- \/ Yoast SEO plugin. -->","yoast_head_json":{"title":"Cookie policy - Abiogen","robots":{"index":"index","follow":"follow","max-snippet":"max-snippet:-1","max-image-preview":"max-image-preview:large","max-video-preview":"max-video-preview:-1"},"canonical":"https:\/\/www.abiogen.it\/it\/cookie-policy\/","og_locale":"it_IT","og_type":"article","og_title":"Cookie policy - Abiogen","og_url":"https:\/\/www.abiogen.it\/it\/cookie-policy\/","og_site_name":"Abiogen","article_modified_time":"2025-09-25T08:46:42+00:00","og_image":[{"width":1200,"height":765,"url":"https:\/\/www.abiogen.it\/wp-content\/uploads\/2023\/07\/logo-abiogen-social-min.jpg","type":"image\/jpeg"}],"twitter_card":"summary_large_image","twitter_misc":{"Tempo di lettura stimato":"9 minuti"},"schema":{"@context":"https:\/\/schema.org","@graph":[{"@type":"WebPage","@id":"https:\/\/www.abiogen.it\/it\/cookie-policy\/","url":"https:\/\/www.abiogen.it\/it\/cookie-policy\/","name":"Cookie policy - Abiogen","isPartOf":{"@id":"https:\/\/www.abiogen.it\/it\/#website"},"datePublished":"2023-06-06T14:44:51+00:00","dateModified":"2025-09-25T08:46:42+00:00","breadcrumb":{"@id":"https:\/\/www.abiogen.it\/it\/cookie-policy\/#breadcrumb"},"inLanguage":"it-IT","potentialAction":[{"@type":"ReadAction","target":["https:\/\/www.abiogen.it\/it\/cookie-policy\/"]}]},{"@type":"BreadcrumbList","@id":"https:\/\/www.abiogen.it\/it\/cookie-policy\/#breadcrumb","itemListElement":[{"@type":"ListItem","position":1,"name":"Home","item":"https:\/\/www.abiogen.it\/it\/"},{"@type":"ListItem","position":2,"name":"Cookie policy"}]},{"@type":"WebSite","@id":"https:\/\/www.abiogen.it\/it\/#website","url":"https:\/\/www.abiogen.it\/it\/","name":"Abiogen","description":"","potentialAction":[{"@type":"SearchAction","target":{"@type":"EntryPoint","urlTemplate":"https:\/\/www.abiogen.it\/it\/?s={search_term_string}"},"query-input":{"@type":"PropertyValueSpecification","valueRequired":true,"valueName":"search_term_string"}}],"inLanguage":"it-IT"}]}},"_links":{"self":[{"href":"https:\/\/www.abiogen.it\/it\/wp-json\/wp\/v2\/pages\/3825","targetHints":{"allow":["GET"]}}],"collection":[{"href":"https:\/\/www.abiogen.it\/it\/wp-json\/wp\/v2\/pages"}],"about":[{"href":"https:\/\/www.abiogen.it\/it\/wp-json\/wp\/v2\/types\/page"}],"author":[{"embeddable":true,"href":"https:\/\/www.abiogen.it\/it\/wp-json\/wp\/v2\/users\/1"}],"replies":[{"embeddable":true,"href":"https:\/\/www.abiogen.it\/it\/wp-json\/wp\/v2\/comments?post=3825"}],"version-history":[{"count":9,"href":"https:\/\/www.abiogen.it\/it\/wp-json\/wp\/v2\/pages\/3825\/revisions"}],"predecessor-version":[{"id":16911,"href":"https:\/\/www.abiogen.it\/it\/wp-json\/wp\/v2\/pages\/3825\/revisions\/16911"}],"wp:attachment":[{"href":"https:\/\/www.abiogen.it\/it\/wp-json\/wp\/v2\/media?parent=3825"}],"curies":[{"name":"wp","href":"https:\/\/api.w.org\/{rel}","templated":true}]}}